{"id":535,"date":"2020-01-19T07:33:19","date_gmt":"2020-01-19T05:33:19","guid":{"rendered":"http:\/\/redaccio-digital.recursos.uoc.edu\/?page_id=535"},"modified":"2020-01-20T15:29:09","modified_gmt":"2020-01-20T13:29:09","slug":"6-equipos-de-trabajo-como-llevar-a-cabo-la-composicion-y-la-redaccion-colaborativas","status":"publish","type":"page","link":"http:\/\/redaccio-digital.recursos.uoc.edu\/es\/6-equipos-de-trabajo-como-llevar-a-cabo-la-composicion-y-la-redaccion-colaborativas\/","title":{"rendered":"6. Equipos de trabajo: c\u00f3mo llevar a cabo la composici\u00f3n y la redacci\u00f3n colaborativas"},"content":{"rendered":"<p>Hoy en d\u00eda, en un contexto donde la <strong>informaci\u00f3n<\/strong> est\u00e1 al alcance de manera amplia, f\u00e1cil y en una gran diversidad de soportes, la competencia de gesti\u00f3n de la informaci\u00f3n en sentido extenso (b\u00fasqueda, tratamiento, elaboraci\u00f3n y presentaci\u00f3n) deviene fundamental, tanto en el mundo acad\u00e9mico como en el profesional.<\/p>\n<p>Otra de las caracter\u00edsticas del contexto actual es que a menudo se requiere que esta informaci\u00f3n se gestione de manera <strong>colaborativa<\/strong>: personas que en lugares y en momentos diferentes colaboran elaborando uno o varios documentos. El <a href=\"javascript:void(0);\" class=\"tooltip\" data-toggle=\"popover\" data-placement=\"bottom\" data-content=\"Guitert, M.; Gim\u00e9nez, F. (2008). <em>El trabajo en equipo en entornos virtuales<\/em>: desarrollo metodol\u00f3gico. UOC.\" data-placement=\"top\" data-html=\"true\" >trabajo en equipo<\/a> as\u00edncrono ya forma parte del d\u00eda a d\u00eda del mundo profesional.<\/p>\n<p><a href=\"javascript:void(0);\" class=\"tooltip\" data-toggle=\"popover\" data-placement=\"bottom\" data-content=\"L\u00f3pez, A. (2009). \u00abEl treball col\u00b7laboratiu des de la perspectiva de la informaci\u00f3 i la documentaci\u00f3: visions i perspectives\u00bb. En: <em>Treball col\u00b7laboratiu, visions disciplin\u00e0ries<\/em> (dossier en l\u00ednea). UOC.\" data-placement=\"top\" data-html=\"true\" >Alexandre L\u00f3pez<\/a> da esta definici\u00f3n de <strong>trabajo colaborativo<\/strong>: \u00abEs el producto obtenido a partir de la suma de peque\u00f1as aportaciones que lo hacen cuantitativa y cualitativamente mejor que si hubiera sido hecho por separado, si es que por separado se hubiera podido llevar a cabo. Es evidente que trabajar de manera colaborativa implica unas perspectivas diferentes y unas pr\u00e1cticas que requieren una voluntad manifiesta de querer hacerlo\u00bb.<\/p>\n<p>As\u00ed pues, en este contexto hay que adquirir las competencias y las estrategias necesarias que nos permitan <strong>gestionar colaborativamente grandes cantidades de informaci\u00f3n<\/strong>.<\/p>\n","protected":false},"excerpt":{"rendered":"<p>Hoy en d\u00eda, en un contexto donde la informaci\u00f3n est\u00e1 al alcance de manera amplia, f\u00e1cil y en una gran diversidad de soportes, la competencia de gesti\u00f3n de la informaci\u00f3n en sentido extenso (b\u00fasqueda, tratamiento, elaboraci\u00f3n y presentaci\u00f3n) deviene fundamental, tanto en el mundo acad\u00e9mico como en el profesional. Otra de las caracter\u00edsticas del contexto [&hellip;]<\/p>\n","protected":false},"author":2,"featured_media":0,"parent":0,"menu_order":0,"comment_status":"closed","ping_status":"closed","template":"","meta":[],"_links":{"self":[{"href":"http:\/\/redaccio-digital.recursos.uoc.edu\/es\/wp-json\/wp\/v2\/pages\/535"}],"collection":[{"href":"http:\/\/redaccio-digital.recursos.uoc.edu\/es\/wp-json\/wp\/v2\/pages"}],"about":[{"href":"http:\/\/redaccio-digital.recursos.uoc.edu\/es\/wp-json\/wp\/v2\/types\/page"}],"author":[{"embeddable":true,"href":"http:\/\/redaccio-digital.recursos.uoc.edu\/es\/wp-json\/wp\/v2\/users\/2"}],"replies":[{"embeddable":true,"href":"http:\/\/redaccio-digital.recursos.uoc.edu\/es\/wp-json\/wp\/v2\/comments?post=535"}],"version-history":[{"count":6,"href":"http:\/\/redaccio-digital.recursos.uoc.edu\/es\/wp-json\/wp\/v2\/pages\/535\/revisions"}],"predecessor-version":[{"id":784,"href":"http:\/\/redaccio-digital.recursos.uoc.edu\/es\/wp-json\/wp\/v2\/pages\/535\/revisions\/784"}],"wp:attachment":[{"href":"http:\/\/redaccio-digital.recursos.uoc.edu\/es\/wp-json\/wp\/v2\/media?parent=535"}],"curies":[{"name":"wp","href":"https:\/\/api.w.org\/{rel}","templated":true}]}}