{"id":529,"date":"2020-01-19T07:31:07","date_gmt":"2020-01-19T05:31:07","guid":{"rendered":"http:\/\/redaccio-digital.recursos.uoc.edu\/?page_id=529"},"modified":"2020-02-10T13:48:34","modified_gmt":"2020-02-10T11:48:34","slug":"bibliografia","status":"publish","type":"page","link":"http:\/\/redaccio-digital.recursos.uoc.edu\/es\/bibliografia\/","title":{"rendered":"Bibliograf\u00eda"},"content":{"rendered":"<p><strong>Blake, G.; Bly, R. W.<\/strong> (1993). <em>The Elements of Technical Writing<\/em>. Nova York: Macmillan Publishers.<\/p>\n<p><strong>Consorci de Normalitzac\u00f3 Ling\u00fc\u00edstica <\/strong>(2011). \u00abNexes o connectors textuals\u00bb.\u00a0<em>Oficina de Catal\u00e0 de Blanes. CNL<\/em> [en l\u00ednea]. [Fecha de consulta: 30 de enero de 2020].&lt;<a href=\"https:\/\/blogs.cpnl.cat\/cursosblanes\/files\/2011\/12\/Nexes-o-connectors-textuals-bo.pdf\" target=\"_blank\" rel=\"noopener noreferrer\">https:\/\/blogs.cpnl.cat\/cursosblanes\/files\/2011\/12\/Nexes-o-connectors-textuals-bo.pdf<\/a>&gt;<\/p>\n<p><strong>Consorci de Normalitzaci\u00f3 Ling\u00fc\u00edstica <\/strong>(2012). \u00abConnectors per estructurar idees\u00bb. <em>Aula virtual dels cursos de catal\u00e0 del CNL d\u2019Osona<\/em> [en l\u00ednea]. [Fecha de consulta: 30 de enero de 2020].&lt;<a href=\"https:\/\/blogs.cpnl.cat\/aula-virtual-osona\/2012\/10\/16\/connectors-per-estructurar-idees-2\/\" target=\"_blank\" rel=\"noopener noreferrer\">https:\/\/blogs.cpnl.cat\/aula-virtual-osona\/2012\/10\/16\/connectors-per-estructurar-idees-2\/16\/connectors\u2010per\u2010estructurar\u2010idees\u20102\/<\/a>&gt;<\/p>\n<p><strong>Consorci de Normalitzaci\u00f3 Ling\u00fc\u00edstica <\/strong>(2013). \u00abConnectors per ordenar el text\u00bb. <em>Aula virtual dels cursos de catal\u00e0 del CNL d\u2019Osona<\/em> [en l\u00ednea]. [Fecha de consulta: 30 de enero de 2020]. &lt;<a href=\"https:\/\/blogs.cpnl.cat\/aula-virtual-osona\/2013\/10\/25\/connectors-per-ordenar-el-text\/\" target=\"_blank\" rel=\"noopener noreferrer\">https:\/\/blogs.cpnl.cat\/aula-virtual-osona\/2013\/10\/25\/connectors-per-ordenar-el-text\/<\/a>&gt;<\/p>\n<p><strong>Generalitat de Catalunya <\/strong>(s. d.).<strong>\u00ab<\/strong>Signes de puntuaci\u00f3\u00bb. <em>Lloc web del Departament de Just\u00edcia<\/em> [en l\u00ednea]. [Fecha de consulta: 30 de enero de 2020]. &lt;<a href=\"http:\/\/justicia.gencat.cat\/web\/.content\/home\/serveis\/llenguatge_juridic\/de_quines_eines_disposo\/criteris_linguistics_gene\/signes_puntuacio.pdf\" target=\"_blank\" rel=\"noopener noreferrer\">http:\/\/justicia.gencat.cat\/web\/.content\/home\/serveis\/llenguatge_juridic\/de_quines_eines_disposo\/criteris_linguistics_gene\/signes_puntuacio.pdf<\/a>&gt;<\/p>\n<p><strong>Generalitat de Catalunya<\/strong> (2019). \u00abTipologia textual\u00bb. <em>XTEC. Xarxa Telem\u00e0tica Educativa de Catalunya<\/em> [en l\u00ednea]. [Fecha de consulta: 30 de enero de 2020]. <a href=\"http:\/\/www.xtec.cat\/ies-pere-vives\/cat\/dossier1.pdf\" target=\"_blank\" rel=\"noopener noreferrer\">&lt;http:\/\/www.xtec.cat\/ies-pere-vives\/cat\/dossier1.pdftm<\/a>&gt;<\/p>\n<p><strong>Institut d\u2019Estudis Catalans<\/strong> (2016). <em>Gram\u00e0tica de la llengua catalana. <\/em>Barcelona: IEC.<\/p>\n<p><strong>Institut d\u2019Estudis Catalans<\/strong> (2019). <em>Gram\u00e0tica essencial de la llengua catalana <\/em>[en l\u00ednea]<em>. <\/em>Barcelona: IEC. &lt;<a href=\"https:\/\/geiec.iec.cat\/\" target=\"_blank\" rel=\"noopener noreferrer\">https:\/\/geiec.iec.cat\/<\/a>&gt;<\/p>\n<p><strong>Instituto Tecnol\u00f3gico de Sonora<\/strong> (s. d.).\u00a0\u00ab\u00bfC\u00f3mo Organizar la Informaci\u00f3n?\u00bb.\u00a0<em>ITSON<\/em> [en l\u00ednea]. [Fecha de consulta: 30 de enero de 2020].&lt;<a href=\"http:\/\/biblioteca.itson.mx\/oa\/educacion\/oa52\/como_organizar_info\/p3.htm\" target=\"_blank\" rel=\"noopener noreferrer\">http:\/\/biblioteca.itson.mx\/oa\/educacion\/oa52\/como_organizar_info\/p3.htm<\/a>&gt;<\/p>\n<p><strong>L\u00f3pez, A<\/strong>. (2009, abril). \u00abEl treball col\u2219laboratiu des de la perspectiva de la informaci\u00f3 i la documentaci\u00f3: visions i perspectives\u00bb. <em>UOC Papers. Dossier: <\/em><em>Treball col\u00b7laboratiu. Visions disciplin\u00e0ries <\/em>(n.\u00ba 8, p\u00e1g. 32-40) [en l\u00ednea]. [Fecha de consulta: 30 de enero de 2020]. &lt;<a href=\"http:\/\/www.uoc.edu\/uocpapers\/8\/dt\/cat\/lopez.pdf\" target=\"_blank\" rel=\"noopener noreferrer\">http:\/\/www.uoc.edu\/uocpapers\/8\/dt\/cat\/lopez.pdf<\/a>&gt;<\/p>\n<p><strong>L\u00f3pez, A<\/strong>. (2009, abril). \u00abPresentaci\u00f3\u00bb. <em>UOC Papers. Dossier: <\/em><em>Treball col\u00b7laboratiu. Visions disciplin\u00e0ries <\/em>(n.\u00ba 8, p\u00e1g. 1-2) [en l\u00ednea]. [Fecha de consulta: 30 de enero de 2020]. &lt;<a href=\"http:\/\/www.uoc.edu\/uocpapers\/8\/dt\/cat\/treballcollaboratiu.pdf\" target=\"_blank\" rel=\"noopener noreferrer\">http:\/\/www.uoc.edu\/uocpapers\/8\/dt\/cat\/treballcollaboratiu.pdf<\/a>&gt;<\/p>\n<p><strong>Microsoft<\/strong> (s. d.). <em>Microsoft Office\u00a0<\/em>[en l\u00ednea]. [Fecha de consulta: 30 de enero de 2020]. &lt;<a href=\"https:\/\/office.com\/start\/default.aspx\" target=\"_blank\" rel=\"noopener noreferrer\">https:\/\/office.com\/start\/default.aspx<\/a>&gt;<\/p>\n<p><strong>Torras, M.<\/strong> (ed.) (1998). <em>Gran diccionari de la llengua catalana.<\/em>\u00a0Barcelona: Enciclop\u00e8dia Catalana.<\/p>\n<p><strong>Universitat de Girona<\/strong> (2019). \u00abCom citar documents. Estil APA\u00bb.\u00a0<em>Biblioteca UdG<\/em> [en l\u00ednea]. [Fecha de consulta: 30 de enero de 2020]. &lt;<a href=\"https:\/\/biblioteca.udg.edu\/ca\/com-citar-documents\/estil-apa?language_content_entity=ca\" target=\"_blank\" rel=\"noopener noreferrer\">http:\/\/www.udg.edu\/LaBibliotecaforma\/Comcitardocuments\/EstilAPAencatala\/tabid\/ 11972\/language\/ca\u2010ES\/Default.aspx#consideracions_generals<\/a>&gt;<\/p>\n<p><strong>Universitat de Girona <\/strong>(s. d.). \u00abEls signes de puntuaci\u00f3\u00bb. <em>Servei de Lleng\u00fces Modernes. UdG <\/em>[en l\u00ednea]. [Fecha de consulta: 30 de enero de 2020]. &lt;<a href=\"http:\/\/www3.udg.edu\/sling\/portal\/criteris\/puntuacio\/signes_puntuacio.htm\" target=\"_blank\" rel=\"noopener noreferrer\">http:\/\/www3.udg.edu\/sling\/portal\/criteris\/puntuacio\/signes_puntuacio.htm<\/a>&gt;<\/p>\n<p><strong>Universitat Oberta de Catalunya <\/strong>(2016). \u00abGuia pr\u00e0ctica de catal\u00e0\u00bb. <em>Servei Ling\u00fc\u00edstic.<\/em><em>\u00a0UOC<\/em> [en l\u00ednea]. [Fecha de consulta: 30 de enero de 2020]. &lt;<a href=\"https:\/\/www.uoc.edu\/portal\/_resources\/CA\/documents\/recursos-linguistics\/guia-practica-de-catala-20160908.pdf\" target=\"_blank\" rel=\"noopener noreferrer\">https:\/\/www.uoc.edu\/portal\/_resources\/CA\/documents\/recursos-linguistics\/guia-practica-de-catala-20160908.pdf<\/a>&gt;<\/p>\n<p><strong>Universitat Oberta de Catalunya <\/strong>(2016). \u00abGu\u00eda pr\u00e1ctica de espa\u00f1ol\u00bb. <em>Servei Ling\u00fc\u00edstic. UOC<\/em> [en l\u00ednea]. [Fecha de consulta: 30 de enero de 2020]. &lt;<a href=\"https:\/\/www.uoc.edu\/portal\/_resources\/CA\/documents\/recursos-linguistics\/guia-practica-de-espanol-20160908.pdf\" target=\"_blank\" rel=\"noopener noreferrer\">https:\/\/www.uoc.edu\/portal\/_resources\/CA\/documents\/recursos-linguistics\/guia-practica-de-espanol-20160908.pdf<\/a>&gt;<\/p>\n<p><strong>Universitat Oberta de Catalunya <\/strong>(2016). \u00abPractical Guide to English Usage\u00bb. <em>Servei Ling\u00fc\u00edstic. UOC<\/em> [en l\u00ednea]. [Fecha de consulta: 30 de enero de 2020]. &lt;<a href=\"https:\/\/www.uoc.edu\/portal\/_resources\/CA\/documents\/recursos-linguistics\/Practical-Guide-to-English-Usage-20161102.pdf\" target=\"_blank\" rel=\"noopener noreferrer\">https:\/\/www.uoc.edu\/portal\/_resources\/CA\/documents\/recursos-linguistics\/Practical-Guide-to-English-Usage-20161102.pdf<\/a>&gt;<\/p>\n<p><strong>Universitat Oberta de Catalunya <\/strong>(s. d.). \u00abRefer\u00e8ncies bibliogr\u00e0fiques\u00bb. <em>Servei Ling\u00fc\u00edstic. UOC <\/em> [en l\u00ednea]. [Fecha de consulta: 30 de enero de 2020]. &lt;<a href=\"http:\/\/www.uoc.edu\/serveilinguistic\/criteris\/convencions\/referencies_bib.html\" target=\"_blank\" rel=\"noopener noreferrer\">http:\/\/www.uoc.edu\/serveilinguistic\/criteris\/convencions\/referencies_bib.html<\/a>&gt;<\/p>\n<p><strong>Universitat Oberta de Catalunya <\/strong>(s. d.). \u00abSignes de puntuaci\u00f3\u00bb. <em>Servei Ling\u00fc\u00edstic. UOC <\/em>[en l\u00ednea]. [Fecha de consulta: 30 de enero de 2020]. &lt;<a href=\"http:\/\/www.uoc.edu\/serveilinguistic\/criteris\/ortografia\/signes.html\" target=\"_blank\" rel=\"noopener noreferrer\">http:\/\/www.uoc.edu\/serveilinguistic\/criteris\/ortografia\/signes.html<\/a>&gt;<\/p>\n<p><strong>Universitat Pompeu Fabra<\/strong> (s. d.). \u00abEls connectors\u00bb. <em>Centre de redacci\u00f3. UPF<\/em> [en l\u00ednea]. [Fecha de consulta: 30 de enero de 2020]. &lt;<a href=\"http:\/\/parles.upf.edu\/llocs\/cr\/catacd\/visorcct.htm\" target=\"_blank\" rel=\"noopener noreferrer\">http:\/\/parles.upf.edu\/llocs\/cr\/catacd\/visorcct.htm<\/a>&gt;<\/p>\n<p><strong>Wikipedia <\/strong>(2017). \u00abMapa mental\u00bb. <em>Wikipedia, la enciclopedia libre <\/em>[en l\u00ednea]. [Fecha de consulta: 3 de enero de 2020]. &lt;<a href=\"https:\/\/es.wikipedia.org\/wiki\/Mapa_mental\" target=\"_blank\" rel=\"noopener noreferrer\">https:\/\/es.wikipedia.org\/wiki\/Mapa_mental<\/a>&gt;<\/p>\n<p><strong>Wikipedia <\/strong>(2018). \u00abTipos de texto\u00bb. <em>Wikipedia<\/em><em>, la enciclopedia libre<\/em> [en l\u00ednea]. [Fecha de consulta: 3 de enero de 2020]. &lt;<a href=\"https:\/\/es.wikipedia.org\/wiki\/Anexo:Tipos_de_texto\" target=\"_blank\" rel=\"noopener noreferrer\">https:\/\/es.wikipedia.org\/wiki\/Anexo:Tipos_de_texto<\/a>&gt;<\/p>\n<p><strong>Wikipedia <\/strong>(2019). \u00abBlog\u00bb. <em>Wikipedia<\/em><em>, la enciclopedia libre<\/em> [en l\u00ednea]. [Fecha de consulta: 3 de enero de 2020]. &lt;<a href=\"https:\/\/es.wikipedia.org\/wiki\/Blog\" target=\"_blank\" rel=\"noopener noreferrer\">https:\/\/es.wikipedia.org\/wiki\/Blog<\/a>&gt;<\/p>\n<p><strong>Wikipedia <\/strong>(2019). \u00abCinco W\u00bb. <em>Wikipedia<\/em><em>, la enciclopedia libre<\/em> [en l\u00ednea]. [Fecha de consulta: 3 de enero de 2020]. &lt;<a href=\"https:\/\/es.wikipedia.org\/wiki\/Cinco_W\" target=\"_blank\" rel=\"noopener noreferrer\">https:\/\/es.wikipedia.org\/wiki\/Cinco_W<\/a>&gt;<\/p>\n<p><strong>Wikipedia <\/strong>(2019). \u00abConnector textual\u00bb. <em>Wikipedia<\/em><em>, la enciclopedia libre<\/em> [en l\u00ednea]. [Fecha de consulta: 3 de enero de 2020]. &lt;<a href=\"https:\/\/es.wikipedia.org\/wiki\/Conector_(ling%C3%BC%C3%ADstica)\" target=\"_blank\" rel=\"noopener noreferrer\">https:\/\/es.wikipedia.org\/wiki\/Conector_(ling%C3%BC%C3%ADstica)<\/a>&gt;<\/p>\n<p><strong>Wikipedia <\/strong>(2019). \u00abFolcsonom\u00eda\u00bb. <em>Wikipedia<\/em><em>, la enciclopedia libre<\/em> [en l\u00ednea]. [Fecha de consulta: 3 de enero de 2020]. &lt;<a href=\"https:\/\/es.wikipedia.org\/wiki\/Folcsonom%C3%ADa\" target=\"_blank\" rel=\"noopener noreferrer\">https:\/\/es.wikipedia.org\/wiki\/Folcsonom%C3%ADa<\/a>&gt;<\/p>\n<p><strong>Wikipedia <\/strong>(2019). \u00abGestor de referencias bibliogr\u00e1ficas\u00bb. <em>Wikipedia<\/em><em>, la enciclopedia libre<\/em> [en l\u00ednea]. [Fecha de consulta: 3 de enero de 2020]. &lt;<a href=\"https:\/\/es.wikipedia.org\/wiki\/Gestor_de_referencias_bibliogr%C3%A1ficas\" target=\"_blank\" rel=\"noopener noreferrer\">https:\/\/es.wikipedia.org\/wiki\/Gestor_de_referencias_bibliogr%C3%A1ficas<\/a>&gt;<\/p>\n<p><strong>Wikipedia <\/strong>(2019). \u00abGoogle Docs &amp; Spreadsheets\u00bb. <em>Wikipedia<\/em><em>, la enciclopedia libre<\/em> [en l\u00ednea]. [Fecha de consulta: 3 de enero de 2020]. &lt;<a href=\"https:\/\/es.wikipedia.org\/wiki\/Google_Drive\" target=\"_blank\" rel=\"noopener noreferrer\">https:\/\/es.wikipedia.org\/wiki\/Google_Drive<\/a>&gt;<\/p>\n<p><strong>Wikipedia <\/strong>(2019). \u00abGoogle Sites\u00bb. <em>Wikipedia<\/em><em>, la enciclopedia libre<\/em> [en l\u00ednea]. [Fecha de consulta: 3 de enero de 2020]. &lt;<a href=\"https:\/\/es.wikipedia.org\/wiki\/Google_Sites\" target=\"_blank\" rel=\"noopener noreferrer\">https:\/\/es.wikipedia.org\/wiki\/Google_Sites<\/a>&gt;<\/p>\n<p><strong>Wikipedia <\/strong>(2019). \u00abMapa conceptual\u00bb. <em>Wikipedia<\/em><em>, la enciclopedia libre<\/em> [en l\u00ednea]. [Fecha de consulta: 3 de enero de 2020]. &lt;<a href=\"https:\/\/es.wikipedia.org\/wiki\/Mapa_conceptual\" target=\"_blank\" rel=\"noopener noreferrer\">https:\/\/es.wikipedia.org\/wiki\/Mapa_conceptual<\/a>&gt;<\/p>\n<p><strong>Wikipedia <\/strong>(2019). \u00abMarcador social\u00bb. <em>Wikipedia<\/em><em>, la enciclopedia libre<\/em>\u00a0[en l\u00ednea]. [Fecha de consulta: 3 de enero de 2020]. &lt;<a href=\"https:\/\/es.wikipedia.org\/wiki\/Marcadores_sociales\" target=\"_blank\" rel=\"noopener noreferrer\">https:\/\/es.wikipedia.org\/wiki\/Marcadores_sociales<\/a>&gt;<\/p>\n<p><strong>Wikipedia <\/strong>(2019). \u00abWiki\u00bb. <em>Wikipedia<\/em><em>, la enciclopedia libre<\/em> [en l\u00ednea]. [Fecha de consulta: 3 de enero de 2020]. &lt;<a href=\"https:\/\/es.wikipedia.org\/wiki\/Wiki\" target=\"_blank\" rel=\"noopener noreferrer\">https:\/\/es.wikipedia.org\/wiki\/Wiki<\/a>&gt;<\/p>\n<p><strong>Wikipedia <\/strong>(2020)<strong>. <\/strong>\u00abResumen documental\u00bb. <em>Wikipedia<\/em><em>, la enciclopedia libre<\/em> [en l\u00ednea]. [Fecha de consulta: 3 de enero de 2020]. &lt;<a href=\"https:\/\/es.wikipedia.org\/wiki\/Resumen_documental\" target=\"_blank\" rel=\"noopener noreferrer\">https:\/\/es.wikipedia.org\/wiki\/Resumen_documental<\/a>&gt;<\/p>\n<p><strong>Materiales citados de la asignatura Competencias TIC<\/strong><\/p>\n<ul>\n<li><em>Actitud Digital<\/em><\/li>\n<li><em>B\u00fasqueda y localizaci\u00f3n de la informaci\u00f3n por Internet<\/em><\/li>\n<li><em>El trabajo en equipo en entornos virtuales<\/em><\/li>\n<li><em>La Wiki com a soporte del trabajo colaborativo<\/em><\/li>\n<li><em>Pautas para optimizar la organizaci\u00f3n de la informaci\u00f3n digital<\/em><\/li>\n<\/ul>\n","protected":false},"excerpt":{"rendered":"<p>Blake, G.; Bly, R. W. (1993). The Elements of Technical Writing. Nova York: Macmillan Publishers. Consorci de Normalitzac\u00f3 Ling\u00fc\u00edstica (2011). \u00abNexes o connectors textuals\u00bb.\u00a0Oficina de Catal\u00e0 de Blanes. CNL [en l\u00ednea]. [Fecha de consulta: 30 de enero de 2020].&lt;https:\/\/blogs.cpnl.cat\/cursosblanes\/files\/2011\/12\/Nexes-o-connectors-textuals-bo.pdf&gt; Consorci de Normalitzaci\u00f3 Ling\u00fc\u00edstica (2012). \u00abConnectors per estructurar idees\u00bb. Aula virtual dels cursos de catal\u00e0 del [&hellip;]<\/p>\n","protected":false},"author":2,"featured_media":0,"parent":0,"menu_order":0,"comment_status":"closed","ping_status":"closed","template":"","meta":[],"_links":{"self":[{"href":"http:\/\/redaccio-digital.recursos.uoc.edu\/es\/wp-json\/wp\/v2\/pages\/529"}],"collection":[{"href":"http:\/\/redaccio-digital.recursos.uoc.edu\/es\/wp-json\/wp\/v2\/pages"}],"about":[{"href":"http:\/\/redaccio-digital.recursos.uoc.edu\/es\/wp-json\/wp\/v2\/types\/page"}],"author":[{"embeddable":true,"href":"http:\/\/redaccio-digital.recursos.uoc.edu\/es\/wp-json\/wp\/v2\/users\/2"}],"replies":[{"embeddable":true,"href":"http:\/\/redaccio-digital.recursos.uoc.edu\/es\/wp-json\/wp\/v2\/comments?post=529"}],"version-history":[{"count":17,"href":"http:\/\/redaccio-digital.recursos.uoc.edu\/es\/wp-json\/wp\/v2\/pages\/529\/revisions"}],"predecessor-version":[{"id":854,"href":"http:\/\/redaccio-digital.recursos.uoc.edu\/es\/wp-json\/wp\/v2\/pages\/529\/revisions\/854"}],"wp:attachment":[{"href":"http:\/\/redaccio-digital.recursos.uoc.edu\/es\/wp-json\/wp\/v2\/media?parent=529"}],"curies":[{"name":"wp","href":"https:\/\/api.w.org\/{rel}","templated":true}]}}