{"id":524,"date":"2020-01-19T07:29:12","date_gmt":"2020-01-19T05:29:12","guid":{"rendered":"http:\/\/redaccio-digital.recursos.uoc.edu\/?page_id=524"},"modified":"2020-01-19T23:41:50","modified_gmt":"2020-01-19T21:41:50","slug":"5-5-3-estilo-personal","status":"publish","type":"page","link":"http:\/\/redaccio-digital.recursos.uoc.edu\/es\/5-5-3-estilo-personal\/","title":{"rendered":"5.5.3. Estilo personal"},"content":{"rendered":"<p>No hay ninguna receta infalible para conseguir un buen estilo a la hora de escribir. Sin embargo, este concepto tan dif\u00edcil de definir es muy importante para asegurar el \u00e9xito del trabajo.<\/p>\n<p>En esta secci\u00f3n, comentaremos algunos requisitos de estilo b\u00e1sicos para cualquier tipo de trabajo y que habr\u00e1 que tener en cuenta a la hora de elaborar la redacci\u00f3n definitiva de nuestro escrito.<\/p>\n<p>El objetivo principal de cualquier texto es que el lector lo pueda entender, y por eso tiene que reunir las cualidades siguientes:<\/p>\n<ul>\n<li>claridad,<\/li>\n<li>precisi\u00f3n,<\/li>\n<li>concisi\u00f3n,<\/li>\n<li>agilidad.<\/li>\n<\/ul>\n<p><strong>Claridad<\/strong><\/p>\n<p>Un texto que se tenga que leer varias veces para poder entenderlo es oscuro, confuso o ambiguo.<\/p>\n<p><strong>P<\/strong><strong>recisi\u00f3n<\/strong><\/p>\n<p>Una de las operaciones m\u00e1s dif\u00edciles de la escritura es elegir en cada momento la palabra precisa, es decir, aquella que refleje al m\u00e1ximo la realidad que queremos expresar. Este aspecto es uno de los que definen el estilo personal.<\/p>\n<p><strong>Concisi\u00f3n<\/strong><\/p>\n<p>Cuanto m\u00e1s breve es la exposici\u00f3n de un pensamiento, m\u00e1s clara es la comunicaci\u00f3n del mismo. Debemos intentar usar el m\u00ednimo de palabras posibles y omitir todo aquello que sea irrelevante en relaci\u00f3n con los resultados y las conclusiones de nuestro estudio. No nos tenemos que decepcionar si nuestro trabajo no resulta ser tan largo como pens\u00e1bamos de entrada, porque a menudo la calidad de un trabajo es inversamente proporcional a la extensi\u00f3n que tiene.<\/p>\n<p><strong>Agilidad<\/strong><\/p>\n<p>Un trabajo tiene que ser \u00e1gil y din\u00e1mico con vistas a su lectura. Los textos escritos con un estilo mon\u00f3tono y con un tono repetitivo o poco variado son aburridos y dif\u00edciles de digerir. La monoton\u00eda de un trabajo puede causar que la lectora o el lector pierda el inter\u00e9s por lo que decimos.<\/p>\n<p>Una de las t\u00e9cnicas para huir de la monoton\u00eda es combinar el orden de los elementos de las frases y cambiar la extensi\u00f3n de los p\u00e1rrafos y las oraciones.<\/p>\n<p>A pesar de que el orden neutro de la frase es sujeto-verbo-complementos, se debe evitar la repetici\u00f3n constante de esta misma estructura interna. Si se tiene un cierto dominio de la lengua, es aconsejable desplazar de su lugar habitual los elementos de la frase, utilizar de vez en cuando construcciones pasivas, servirse de conectores diversos, etc.<\/p>\n<p>&nbsp;<\/p>\n","protected":false},"excerpt":{"rendered":"<p>No hay ninguna receta infalible para conseguir un buen estilo a la hora de escribir. Sin embargo, este concepto tan dif\u00edcil de definir es muy importante para asegurar el \u00e9xito del trabajo. En esta secci\u00f3n, comentaremos algunos requisitos de estilo b\u00e1sicos para cualquier tipo de trabajo y que habr\u00e1 que tener en cuenta a la [&hellip;]<\/p>\n","protected":false},"author":2,"featured_media":0,"parent":0,"menu_order":0,"comment_status":"closed","ping_status":"closed","template":"","meta":[],"_links":{"self":[{"href":"http:\/\/redaccio-digital.recursos.uoc.edu\/es\/wp-json\/wp\/v2\/pages\/524"}],"collection":[{"href":"http:\/\/redaccio-digital.recursos.uoc.edu\/es\/wp-json\/wp\/v2\/pages"}],"about":[{"href":"http:\/\/redaccio-digital.recursos.uoc.edu\/es\/wp-json\/wp\/v2\/types\/page"}],"author":[{"embeddable":true,"href":"http:\/\/redaccio-digital.recursos.uoc.edu\/es\/wp-json\/wp\/v2\/users\/2"}],"replies":[{"embeddable":true,"href":"http:\/\/redaccio-digital.recursos.uoc.edu\/es\/wp-json\/wp\/v2\/comments?post=524"}],"version-history":[{"count":5,"href":"http:\/\/redaccio-digital.recursos.uoc.edu\/es\/wp-json\/wp\/v2\/pages\/524\/revisions"}],"predecessor-version":[{"id":645,"href":"http:\/\/redaccio-digital.recursos.uoc.edu\/es\/wp-json\/wp\/v2\/pages\/524\/revisions\/645"}],"wp:attachment":[{"href":"http:\/\/redaccio-digital.recursos.uoc.edu\/es\/wp-json\/wp\/v2\/media?parent=524"}],"curies":[{"name":"wp","href":"https:\/\/api.w.org\/{rel}","templated":true}]}}