{"id":520,"date":"2020-01-19T07:28:35","date_gmt":"2020-01-19T05:28:35","guid":{"rendered":"http:\/\/redaccio-digital.recursos.uoc.edu\/?page_id=520"},"modified":"2020-01-19T23:35:45","modified_gmt":"2020-01-19T21:35:45","slug":"5-5-2-creatividad","status":"publish","type":"page","link":"http:\/\/redaccio-digital.recursos.uoc.edu\/es\/5-5-2-creatividad\/","title":{"rendered":"5.5.2. Creatividad"},"content":{"rendered":"<p>La creatividad es una disposici\u00f3n favorable con vistas a la innovaci\u00f3n; una disposici\u00f3n que busca la producci\u00f3n de ideas no sujetas a convencionalismos y la reorganizaci\u00f3n de la manera de observar y pensar.<\/p>\n<p>Anteriormente, hemos mencionado procedimientos para estimular la creatividad, como por ejemplo la t\u00e9cnica de las <strong>preguntas period\u00edsticas<\/strong>. Tambi\u00e9n, en el apartado sobre la estructuraci\u00f3n del <strong>guion<\/strong>, se ha hablado del <strong>mapa conceptual<\/strong> como instrumento de producci\u00f3n y organizaci\u00f3n de ideas. A\u00f1adimos a todo ello las dos t\u00e9cnicas que describimos a continuaci\u00f3n, aunque se utilicen a menudo en el pensamiento cotidiano.<\/p>\n<p><strong>La analog\u00eda<\/strong><\/p>\n<p>La analog\u00eda permite mirar y analizar los temas desde \u00f3pticas diferentes. Abre posibilidades de ordenar las ideas en torno a una estructura. Nos facilita encontrar las palabras y expresiones con m\u00e1s carga emotiva.<\/p>\n<p>Pensad un momento en la expresi\u00f3n <em>\u00e1rboles de directorios<\/em> que se utiliza para describir la organizaci\u00f3n de los archivos en el disco de un ordenador. La naturaleza ha sido desde siempre una fuente fundamental de inspiraci\u00f3n para concretar el pensamiento.<\/p>\n<p>La analog\u00eda intenta encontrar paralelismos para comparar funciones, estructuras, formas, circunstancias, componentes, etc., entre realidades, entre objetos concretos e ideas abstractas.<\/p>\n<p><strong>Relajaci\u00f3n imaginativa<\/strong><\/p>\n<p><em>Relajaci\u00f3n imaginativa<\/em>, <em>visualizaci\u00f3n creativa<\/em> o <em>so\u00f1ar despierto<\/em> son expresiones para describir un mismo hecho. Se trata de crear el ambiente adecuado para aprovechar al m\u00e1ximo el poder de la imaginaci\u00f3n.<\/p>\n<p>La fuerza de la imaginaci\u00f3n puede llegar a ser tan real como la propia acci\u00f3n. Hacer un recorrido previo por cada una de las etapas de elaboraci\u00f3n del informe, previsualizar las dificultades en cada fase, imaginar los inconvenientes de la planificaci\u00f3n, prever las posibles soluciones, etc.<\/p>\n<p>En resumen, se trata de tener una experiencia vivencial en un estado de relajaci\u00f3n antes de la definitiva. Si previamente invertimos tiempo y motivaci\u00f3n en visualizar el proceso, tendremos muchas m\u00e1s probabilidades de encontrar respuestas eficientes y creativas en los momentos cr\u00edticos.<\/p>\n","protected":false},"excerpt":{"rendered":"<p>La creatividad es una disposici\u00f3n favorable con vistas a la innovaci\u00f3n; una disposici\u00f3n que busca la producci\u00f3n de ideas no sujetas a convencionalismos y la reorganizaci\u00f3n de la manera de observar y pensar. Anteriormente, hemos mencionado procedimientos para estimular la creatividad, como por ejemplo la t\u00e9cnica de las preguntas period\u00edsticas. Tambi\u00e9n, en el apartado sobre [&hellip;]<\/p>\n","protected":false},"author":2,"featured_media":0,"parent":0,"menu_order":0,"comment_status":"closed","ping_status":"closed","template":"","meta":[],"_links":{"self":[{"href":"http:\/\/redaccio-digital.recursos.uoc.edu\/es\/wp-json\/wp\/v2\/pages\/520"}],"collection":[{"href":"http:\/\/redaccio-digital.recursos.uoc.edu\/es\/wp-json\/wp\/v2\/pages"}],"about":[{"href":"http:\/\/redaccio-digital.recursos.uoc.edu\/es\/wp-json\/wp\/v2\/types\/page"}],"author":[{"embeddable":true,"href":"http:\/\/redaccio-digital.recursos.uoc.edu\/es\/wp-json\/wp\/v2\/users\/2"}],"replies":[{"embeddable":true,"href":"http:\/\/redaccio-digital.recursos.uoc.edu\/es\/wp-json\/wp\/v2\/comments?post=520"}],"version-history":[{"count":5,"href":"http:\/\/redaccio-digital.recursos.uoc.edu\/es\/wp-json\/wp\/v2\/pages\/520\/revisions"}],"predecessor-version":[{"id":642,"href":"http:\/\/redaccio-digital.recursos.uoc.edu\/es\/wp-json\/wp\/v2\/pages\/520\/revisions\/642"}],"wp:attachment":[{"href":"http:\/\/redaccio-digital.recursos.uoc.edu\/es\/wp-json\/wp\/v2\/media?parent=520"}],"curies":[{"name":"wp","href":"https:\/\/api.w.org\/{rel}","templated":true}]}}