{"id":516,"date":"2020-01-19T07:28:06","date_gmt":"2020-01-19T05:28:06","guid":{"rendered":"http:\/\/redaccio-digital.recursos.uoc.edu\/?page_id=516"},"modified":"2020-01-19T23:25:53","modified_gmt":"2020-01-19T21:25:53","slug":"5-5-1-introduccion","status":"publish","type":"page","link":"http:\/\/redaccio-digital.recursos.uoc.edu\/es\/5-5-1-introduccion\/","title":{"rendered":"5.5.1. Introducci\u00f3n"},"content":{"rendered":"<p>Como hemos visto en los apartados anteriores, las variables externas que determinan la situaci\u00f3n y la finalidad comunicativa condicionan el registro, la tipolog\u00eda y el g\u00e9nero, y por lo tanto, algunos de los recursos discursivos. Esto no quiere decir de ninguna manera que un texto que se atenga a los principios de coherencia, adecuaci\u00f3n y cohesi\u00f3n est\u00e9 desprovisto de creatividad y estilo personal.<\/p>\n","protected":false},"excerpt":{"rendered":"<p>Como hemos visto en los apartados anteriores, las variables externas que determinan la situaci\u00f3n y la finalidad comunicativa condicionan el registro, la tipolog\u00eda y el g\u00e9nero, y por lo tanto, algunos de los recursos discursivos. Esto no quiere decir de ninguna manera que un texto que se atenga a los principios de coherencia, adecuaci\u00f3n y [&hellip;]<\/p>\n","protected":false},"author":2,"featured_media":0,"parent":0,"menu_order":0,"comment_status":"closed","ping_status":"closed","template":"","meta":[],"_links":{"self":[{"href":"http:\/\/redaccio-digital.recursos.uoc.edu\/es\/wp-json\/wp\/v2\/pages\/516"}],"collection":[{"href":"http:\/\/redaccio-digital.recursos.uoc.edu\/es\/wp-json\/wp\/v2\/pages"}],"about":[{"href":"http:\/\/redaccio-digital.recursos.uoc.edu\/es\/wp-json\/wp\/v2\/types\/page"}],"author":[{"embeddable":true,"href":"http:\/\/redaccio-digital.recursos.uoc.edu\/es\/wp-json\/wp\/v2\/users\/2"}],"replies":[{"embeddable":true,"href":"http:\/\/redaccio-digital.recursos.uoc.edu\/es\/wp-json\/wp\/v2\/comments?post=516"}],"version-history":[{"count":4,"href":"http:\/\/redaccio-digital.recursos.uoc.edu\/es\/wp-json\/wp\/v2\/pages\/516\/revisions"}],"predecessor-version":[{"id":640,"href":"http:\/\/redaccio-digital.recursos.uoc.edu\/es\/wp-json\/wp\/v2\/pages\/516\/revisions\/640"}],"wp:attachment":[{"href":"http:\/\/redaccio-digital.recursos.uoc.edu\/es\/wp-json\/wp\/v2\/media?parent=516"}],"curies":[{"name":"wp","href":"https:\/\/api.w.org\/{rel}","templated":true}]}}