{"id":505,"date":"2020-01-19T07:25:42","date_gmt":"2020-01-19T05:25:42","guid":{"rendered":"http:\/\/redaccio-digital.recursos.uoc.edu\/?page_id=505"},"modified":"2020-02-10T13:42:57","modified_gmt":"2020-02-10T11:42:57","slug":"5-4-6-la-puntuacion","status":"publish","type":"page","link":"http:\/\/redaccio-digital.recursos.uoc.edu\/es\/5-4-6-la-puntuacion\/","title":{"rendered":"5.4.6. La puntuaci\u00f3n"},"content":{"rendered":"<p>Seg\u00fan el <em>Diccionario panhisp\u00e1nico de dudas <\/em>de la Real Academia Espa\u00f1ola (RAE), los signos de puntuaci\u00f3n sirven para \u00abmarcar las pausas y la entonaci\u00f3n con que deben leerse los enunciados, organizar el discurso y sus diferentes elementos para facilitar su comprensi\u00f3n, evitar posibles ambig\u00fcedades en textos que, sin su empleo, podr\u00edan tener interpretaciones diferentes, y se\u00f1alar el car\u00e1cter especial de determinados fragmentos de texto \u2013citas, incisos, intervenciones de distintos interlocutores en un di\u00e1logo, etc.\u00bb.<\/p>\n<blockquote><p>Son todas aquellas marcas gr\u00e1ficas que, no siendo n\u00fameros ni letras, aparecen en los textos escritos con el fin de contribuir a su correcta lectura e interpretaci\u00f3n. Cada uno de ellos tiene una funci\u00f3n propia y unos usos establecidos por convenci\u00f3n. Hay signos de puntuaci\u00f3n y signos auxiliares.<\/p><\/blockquote>\n<p>No se tienen que llenar exageradamente las frases con explicaciones mediante guiones, par\u00e9ntesis, comas, etc. El lector o la lectora acabar\u00e1 perdiendo el hilo de lo que se le quiere comunicar.<\/p>\n<p>No reproduciremos aqu\u00ed el uso normativo de los signos de puntuaci\u00f3n, que pod\u00e9is encontrar en varios manuales, como por ejemplo en la versi\u00f3n electr\u00f3nica de la <a href=\"https:\/\/www.rae.es\/sites\/default\/files\/Sala_prensa_Dosier_Gramatica_2009.pdf\" target=\"_blank\" rel=\"noopener noreferrer\"><em>Nueva gram\u00e1tica de la llengua espa\u00f1ola<\/em><\/a> de la RAE o en <a href=\"http:\/\/lema.rae.es\/dpd\/srv\/search?id=qXGSxldBKD6hqrTMMo\" target=\"_blank\" rel=\"noopener noreferrer\">otros art\u00edculos<\/a> de la RAE.<\/p>\n","protected":false},"excerpt":{"rendered":"<p>Seg\u00fan el Diccionario panhisp\u00e1nico de dudas de la Real Academia Espa\u00f1ola (RAE), los signos de puntuaci\u00f3n sirven para \u00abmarcar las pausas y la entonaci\u00f3n con que deben leerse los enunciados, organizar el discurso y sus diferentes elementos para facilitar su comprensi\u00f3n, evitar posibles ambig\u00fcedades en textos que, sin su empleo, podr\u00edan tener interpretaciones diferentes, y [&hellip;]<\/p>\n","protected":false},"author":2,"featured_media":0,"parent":0,"menu_order":0,"comment_status":"closed","ping_status":"closed","template":"","meta":[],"_links":{"self":[{"href":"http:\/\/redaccio-digital.recursos.uoc.edu\/es\/wp-json\/wp\/v2\/pages\/505"}],"collection":[{"href":"http:\/\/redaccio-digital.recursos.uoc.edu\/es\/wp-json\/wp\/v2\/pages"}],"about":[{"href":"http:\/\/redaccio-digital.recursos.uoc.edu\/es\/wp-json\/wp\/v2\/types\/page"}],"author":[{"embeddable":true,"href":"http:\/\/redaccio-digital.recursos.uoc.edu\/es\/wp-json\/wp\/v2\/users\/2"}],"replies":[{"embeddable":true,"href":"http:\/\/redaccio-digital.recursos.uoc.edu\/es\/wp-json\/wp\/v2\/comments?post=505"}],"version-history":[{"count":7,"href":"http:\/\/redaccio-digital.recursos.uoc.edu\/es\/wp-json\/wp\/v2\/pages\/505\/revisions"}],"predecessor-version":[{"id":849,"href":"http:\/\/redaccio-digital.recursos.uoc.edu\/es\/wp-json\/wp\/v2\/pages\/505\/revisions\/849"}],"wp:attachment":[{"href":"http:\/\/redaccio-digital.recursos.uoc.edu\/es\/wp-json\/wp\/v2\/media?parent=505"}],"curies":[{"name":"wp","href":"https:\/\/api.w.org\/{rel}","templated":true}]}}