{"id":501,"date":"2020-01-19T07:25:08","date_gmt":"2020-01-19T05:25:08","guid":{"rendered":"http:\/\/redaccio-digital.recursos.uoc.edu\/?page_id=501"},"modified":"2020-01-19T23:16:05","modified_gmt":"2020-01-19T21:16:05","slug":"5-4-5-los-conectores","status":"publish","type":"page","link":"http:\/\/redaccio-digital.recursos.uoc.edu\/es\/5-4-5-los-conectores\/","title":{"rendered":"5.4.5. Los conectores"},"content":{"rendered":"<p>Para que un trabajo tenga fluidez y unidad, las frases y los p\u00e1rrafos no se escribir\u00e1n aisladamente, sino que se unir\u00e1n con conectores. Los <strong>conectores contribuyen a ordenar, organizar y relacionar la informaci\u00f3n<\/strong>, ya sea entre frases o bien entre p\u00e1rrafos.<\/p>\n<p>Se consideran conectores:<\/p>\n<ul>\n<li>Conjunciones y locuciones conjuntivas: <em>pero<\/em>, <em>o<\/em>, <em>para que.<\/em><\/li>\n<li>Preposiciones y locuciones prepositivas: <em>entre otras cosas<\/em>, <em>debido a<\/em>, <em>gracias a<\/em>.<\/li>\n<li>Adverbios y locuciones adverbiales: <em>anteayer<\/em>, <em>por un lado<\/em>, <em>por otro lado<\/em>, <em>de repente<\/em>.<\/li>\n<li>Otras palabras o expresiones: <em>recapitulando<\/em>, <em>es decir<\/em>, <em>en cuanto a esto<\/em>, <em>hab\u00eda una vez<\/em>.<\/li>\n<\/ul>\n<p>Algunos consejos sobre el uso de los conectores:<\/p>\n<ul>\n<li><strong>No repetir <\/strong>el mismo conector muchas veces.<\/li>\n<li>Utilizar los conectores <strong>con medida<\/strong>. Se dificulta la lectura del trabajo si se usan demasiados conectores.<\/li>\n<li>Los marcadores\/conectores textuales deben colocarse <strong>en las posiciones importantes del escrito<\/strong> (inicio del p\u00e1rrafo o frase), para que el lector los vea de un vistazo, incluso antes de leer, y pueda hacerse una idea de la organizaci\u00f3n del texto.<\/li>\n<li>No usar un conector si no se tiene una <strong>idea clara de su significado<\/strong>. Una utilizaci\u00f3n inadecuada de los conectores puede invertir el significado de todo el texto.<\/li>\n<li>Siempre que se pueda, se deben <strong>sustituir los conectores por signos de puntuaci\u00f3n<\/strong>.<\/li>\n<li>Es importante intentar buscar la concisi\u00f3n en los conectores que unen frases o p\u00e1rrafos: <em>por un lado<\/em>, <em>por otro lado<\/em>, <em>en definitiva.<\/em><\/li>\n<\/ul>\n","protected":false},"excerpt":{"rendered":"<p>Para que un trabajo tenga fluidez y unidad, las frases y los p\u00e1rrafos no se escribir\u00e1n aisladamente, sino que se unir\u00e1n con conectores. Los conectores contribuyen a ordenar, organizar y relacionar la informaci\u00f3n, ya sea entre frases o bien entre p\u00e1rrafos. Se consideran conectores: Conjunciones y locuciones conjuntivas: pero, o, para que. Preposiciones y locuciones [&hellip;]<\/p>\n","protected":false},"author":2,"featured_media":0,"parent":0,"menu_order":0,"comment_status":"closed","ping_status":"closed","template":"","meta":[],"_links":{"self":[{"href":"http:\/\/redaccio-digital.recursos.uoc.edu\/es\/wp-json\/wp\/v2\/pages\/501"}],"collection":[{"href":"http:\/\/redaccio-digital.recursos.uoc.edu\/es\/wp-json\/wp\/v2\/pages"}],"about":[{"href":"http:\/\/redaccio-digital.recursos.uoc.edu\/es\/wp-json\/wp\/v2\/types\/page"}],"author":[{"embeddable":true,"href":"http:\/\/redaccio-digital.recursos.uoc.edu\/es\/wp-json\/wp\/v2\/users\/2"}],"replies":[{"embeddable":true,"href":"http:\/\/redaccio-digital.recursos.uoc.edu\/es\/wp-json\/wp\/v2\/comments?post=501"}],"version-history":[{"count":5,"href":"http:\/\/redaccio-digital.recursos.uoc.edu\/es\/wp-json\/wp\/v2\/pages\/501\/revisions"}],"predecessor-version":[{"id":636,"href":"http:\/\/redaccio-digital.recursos.uoc.edu\/es\/wp-json\/wp\/v2\/pages\/501\/revisions\/636"}],"wp:attachment":[{"href":"http:\/\/redaccio-digital.recursos.uoc.edu\/es\/wp-json\/wp\/v2\/media?parent=501"}],"curies":[{"name":"wp","href":"https:\/\/api.w.org\/{rel}","templated":true}]}}