{"id":497,"date":"2020-01-19T07:24:37","date_gmt":"2020-01-19T05:24:37","guid":{"rendered":"http:\/\/redaccio-digital.recursos.uoc.edu\/?page_id=497"},"modified":"2020-01-19T23:05:21","modified_gmt":"2020-01-19T21:05:21","slug":"5-4-4-el-lexico","status":"publish","type":"page","link":"http:\/\/redaccio-digital.recursos.uoc.edu\/es\/5-4-4-el-lexico\/","title":{"rendered":"5.4.4. El l\u00e9xico"},"content":{"rendered":"<p>Depender\u00e1, l\u00f3gicamente, del tema del proyecto. Como pauta general no es recomendable abusar de las palabras rebuscadas o abstractas, analog\u00edas o met\u00e1foras que muy a menudo dificultan al lector la comprensi\u00f3n de la informaci\u00f3n. Utilizaremos el vocabulario m\u00e1s natural posible siempre que el tema del trabajo nos lo permita.<\/p>\n<p>Hay t\u00e9rminos que tienen un significado demasiado gen\u00e9rico; son lo que denominamos <em>palabras multiuso<\/em>, palabras que parece que sirvan para todo. Las m\u00e1s habituales y que es aconsejable evitar son las siguientes: <em>cosa<\/em>, <em>tema<\/em>, <em>problema<\/em>, <em>filosof\u00eda<\/em> (con el significado de \u00abideolog\u00eda\u00bb o \u00abintenci\u00f3n\u00bb). En cuanto a la palabra <strong><em>tema<\/em><\/strong>, tan de moda estos \u00faltimos a\u00f1os, no se debe utilizar en exceso y hay que sustituirla por otras como <em>cuesti\u00f3n<\/em>, <em>objeto<\/em>, <em>materia<\/em> o <em>argumento<\/em>. Tambi\u00e9n hay verbos que se usan demasiado como, por ejemplo, <em>hacer<\/em>, <em>haber<\/em>, <em>tener<\/em>, <em>dar<\/em> o <em>ser<\/em>.<\/p>\n<p>Repetir una palabra o una idea a lo largo de un mismo texto puede dar la impresi\u00f3n de pobreza de vocabulario. Es aconsejable usar un buen diccionario de sin\u00f3nimos.<\/p>\n<p>Se debe evitar el exceso de neologismos o extranjerismos cuando la lengua propia ya dispone de t\u00e9rminos equivalentes.<\/p>\n<p>Hay que evitar la digresi\u00f3n, es decir, todo aquello que no es relevante. Por ejemplo:<\/p>\n<ul>\n<li>Evitar el uso de nombres que posean un significado similar; esto querr\u00e1 decir que con uno basta. Por ejemplo: \u00abNuestro <em>objectivo<\/em> y <em>prop\u00f3sito<\/em>&#8230;\u00bb.<\/li>\n<li>Economizar el uso de adjetivos.<\/li>\n<li>No abusar:\n<ul>\n<li>De los <strong>adverbios <\/strong>acabados en \u2010<em>mente<\/em>; si abusamos de ellos, cargaremos de un modo innecesario el texto. La mayor\u00eda de estos adverbios tienen equivalentes que dan un ritmo m\u00e1s \u00e1gil al escrito. Por ejemplo: <em>completamente<\/em> &#8211; <em>del todo<\/em>.<\/li>\n<li>De <strong>expresiones calificativas<\/strong> dentro del escrito, del tipo <em>generalmente<\/em>, <em>en la mayor\u00eda de los casos<\/em>, <em>de alguna manera<\/em>, etc.<\/li>\n<li>De los <strong>relativos<\/strong>. Son preferibles dos o m\u00e1s frases simples, separadas por punto, que una sola frase muy larga con varios grupos de relativos.<\/li>\n<\/ul>\n<\/li>\n<li>Tambi\u00e9n evitaremos expresar las propias opiniones en primera persona. Se utilizar\u00e1n expresiones impersonales como <em>podemos afirmar<\/em> antes que <em>yo afirmo<\/em>.<\/li>\n<\/ul>\n","protected":false},"excerpt":{"rendered":"<p>Depender\u00e1, l\u00f3gicamente, del tema del proyecto. Como pauta general no es recomendable abusar de las palabras rebuscadas o abstractas, analog\u00edas o met\u00e1foras que muy a menudo dificultan al lector la comprensi\u00f3n de la informaci\u00f3n. Utilizaremos el vocabulario m\u00e1s natural posible siempre que el tema del trabajo nos lo permita. Hay t\u00e9rminos que tienen un significado [&hellip;]<\/p>\n","protected":false},"author":2,"featured_media":0,"parent":0,"menu_order":0,"comment_status":"closed","ping_status":"closed","template":"","meta":[],"_links":{"self":[{"href":"http:\/\/redaccio-digital.recursos.uoc.edu\/es\/wp-json\/wp\/v2\/pages\/497"}],"collection":[{"href":"http:\/\/redaccio-digital.recursos.uoc.edu\/es\/wp-json\/wp\/v2\/pages"}],"about":[{"href":"http:\/\/redaccio-digital.recursos.uoc.edu\/es\/wp-json\/wp\/v2\/types\/page"}],"author":[{"embeddable":true,"href":"http:\/\/redaccio-digital.recursos.uoc.edu\/es\/wp-json\/wp\/v2\/users\/2"}],"replies":[{"embeddable":true,"href":"http:\/\/redaccio-digital.recursos.uoc.edu\/es\/wp-json\/wp\/v2\/comments?post=497"}],"version-history":[{"count":9,"href":"http:\/\/redaccio-digital.recursos.uoc.edu\/es\/wp-json\/wp\/v2\/pages\/497\/revisions"}],"predecessor-version":[{"id":634,"href":"http:\/\/redaccio-digital.recursos.uoc.edu\/es\/wp-json\/wp\/v2\/pages\/497\/revisions\/634"}],"wp:attachment":[{"href":"http:\/\/redaccio-digital.recursos.uoc.edu\/es\/wp-json\/wp\/v2\/media?parent=497"}],"curies":[{"name":"wp","href":"https:\/\/api.w.org\/{rel}","templated":true}]}}