{"id":495,"date":"2020-01-19T07:23:54","date_gmt":"2020-01-19T05:23:54","guid":{"rendered":"http:\/\/redaccio-digital.recursos.uoc.edu\/?page_id=495"},"modified":"2020-01-19T22:34:08","modified_gmt":"2020-01-19T20:34:08","slug":"5-4-3-las-frases","status":"publish","type":"page","link":"http:\/\/redaccio-digital.recursos.uoc.edu\/es\/5-4-3-las-frases\/","title":{"rendered":"5.4.3. Las frases"},"content":{"rendered":"<p>Deben seguir el orden natural de sujeto, verbo y complementos (primero el directo, segundo el indirecto y tercero el circunstancial). Hay que tener en cuenta que, lo que primordialmente pretende el lector o la lectora, es entender el texto.<\/p>\n<p>Se tiene que huir de frases ambiguas o rebuscadas; el sujeto se debe poder localizar f\u00e1cilmente y tiene que concordar con los otros elementos de la oraci\u00f3n. En caso de que no se tenga un gran dominio de la expresi\u00f3n escrita, es mejor utilizar frases cortas para facilitar la comprensi\u00f3n del texto. Si las frases son demasiado largas y se abusa de las subordinadas, el texto se hace pesado e ininteligible.<\/p>\n","protected":false},"excerpt":{"rendered":"<p>Deben seguir el orden natural de sujeto, verbo y complementos (primero el directo, segundo el indirecto y tercero el circunstancial). Hay que tener en cuenta que, lo que primordialmente pretende el lector o la lectora, es entender el texto. Se tiene que huir de frases ambiguas o rebuscadas; el sujeto se debe poder localizar f\u00e1cilmente [&hellip;]<\/p>\n","protected":false},"author":2,"featured_media":0,"parent":0,"menu_order":0,"comment_status":"closed","ping_status":"closed","template":"","meta":[],"_links":{"self":[{"href":"http:\/\/redaccio-digital.recursos.uoc.edu\/es\/wp-json\/wp\/v2\/pages\/495"}],"collection":[{"href":"http:\/\/redaccio-digital.recursos.uoc.edu\/es\/wp-json\/wp\/v2\/pages"}],"about":[{"href":"http:\/\/redaccio-digital.recursos.uoc.edu\/es\/wp-json\/wp\/v2\/types\/page"}],"author":[{"embeddable":true,"href":"http:\/\/redaccio-digital.recursos.uoc.edu\/es\/wp-json\/wp\/v2\/users\/2"}],"replies":[{"embeddable":true,"href":"http:\/\/redaccio-digital.recursos.uoc.edu\/es\/wp-json\/wp\/v2\/comments?post=495"}],"version-history":[{"count":3,"href":"http:\/\/redaccio-digital.recursos.uoc.edu\/es\/wp-json\/wp\/v2\/pages\/495\/revisions"}],"predecessor-version":[{"id":626,"href":"http:\/\/redaccio-digital.recursos.uoc.edu\/es\/wp-json\/wp\/v2\/pages\/495\/revisions\/626"}],"wp:attachment":[{"href":"http:\/\/redaccio-digital.recursos.uoc.edu\/es\/wp-json\/wp\/v2\/media?parent=495"}],"curies":[{"name":"wp","href":"https:\/\/api.w.org\/{rel}","templated":true}]}}