{"id":491,"date":"2020-01-19T07:23:08","date_gmt":"2020-01-19T05:23:08","guid":{"rendered":"http:\/\/redaccio-digital.recursos.uoc.edu\/?page_id=491"},"modified":"2020-02-18T11:26:28","modified_gmt":"2020-02-18T09:26:28","slug":"5-4-2-los-parrafos","status":"publish","type":"page","link":"http:\/\/redaccio-digital.recursos.uoc.edu\/es\/5-4-2-los-parrafos\/","title":{"rendered":"5.4.2. Los p\u00e1rrafos"},"content":{"rendered":"<p><div class='content-column two_fifth'><div style=\"padding-right:20px;\"><img loading=\"lazy\" class=\"alignleft wp-image-685\" src=\"\/wp-content\/uploads\/2020\/01\/20.005_23-210x300.jpg\" alt=\"\" width=\"275\" height=\"393\" srcset=\"\/wp-content\/uploads\/2020\/01\/20.005_23-210x300.jpg 210w, \/wp-content\/uploads\/2020\/01\/20.005_23.jpg 448w\" sizes=\"(max-width: 275px) 100vw, 275px\" \/><\/div><\/div><div class='content-column three_fifth last_column'><p>El <strong>p\u00e1rrafo<\/strong> est\u00e1 formado por un grupo de <strong>frases que tienen una cierta unidad tem\u00e1tica<\/strong>. Un p\u00e1rrafo est\u00e1 separado de otro por medio de un punto y aparte. <strong>Cada p\u00e1rrafo contiene una idea principal<\/strong> y otras secundarias que la complementan.<\/p>\n<p>Las ideas se escribir\u00e1n de manera clara. Para construir bien un p\u00e1rrafo, es necesario pensar qu\u00e9 se quiere comunicar antes de escribir, y usar las frases y las palabras m\u00e1s adecuadas para expresarlo claramente. Es conveniente distribuir las diversas ideas en frases diferentes.<\/p>\n<p>Existen <strong>varios tipos de p\u00e1rrafos<\/strong>. A pesar de que, en general, un contenido tiene una o dos finalidades comunicativas principales, puede contener p\u00e1rrafos muy variados seg\u00fan el objetivo del apartado del trabajo:<\/p><\/div><div class='clear_column'><\/div><\/p>\n<ul>\n<li>P\u00e1rrafo de <strong>argumentaci\u00f3n<\/strong>: se presentan argumentos para apoyar la idea central.<\/li>\n<li>P\u00e1rrafo de <strong>definici\u00f3n<\/strong>: se introducen palabras desconocidas o se otorga un sentido distinto a palabras ya conocidas.<\/li>\n<li>P\u00e1rrafo de <strong>ejemplificaci\u00f3n<\/strong>: se muestra la idea general y se refuerza con ejemplos.<\/li>\n<li>P\u00e1rrafo de <strong>relaci\u00f3n <\/strong>o comparaci\u00f3n: se ponen en contacto varios puntos de vista. Se puede perseguir el contraste o la analog\u00eda.<\/li>\n<\/ul>\n","protected":false},"excerpt":{"rendered":"<p>P\u00e1rrafo de argumentaci\u00f3n: se presentan argumentos para apoyar la idea central. P\u00e1rrafo de definici\u00f3n: se introducen palabras desconocidas o se otorga un sentido distinto a palabras ya conocidas. P\u00e1rrafo de ejemplificaci\u00f3n: se muestra la idea general y se refuerza con ejemplos. P\u00e1rrafo de relaci\u00f3n o comparaci\u00f3n: se ponen en contacto varios puntos de vista. Se [&hellip;]<\/p>\n","protected":false},"author":2,"featured_media":0,"parent":0,"menu_order":0,"comment_status":"closed","ping_status":"closed","template":"","meta":[],"_links":{"self":[{"href":"http:\/\/redaccio-digital.recursos.uoc.edu\/es\/wp-json\/wp\/v2\/pages\/491"}],"collection":[{"href":"http:\/\/redaccio-digital.recursos.uoc.edu\/es\/wp-json\/wp\/v2\/pages"}],"about":[{"href":"http:\/\/redaccio-digital.recursos.uoc.edu\/es\/wp-json\/wp\/v2\/types\/page"}],"author":[{"embeddable":true,"href":"http:\/\/redaccio-digital.recursos.uoc.edu\/es\/wp-json\/wp\/v2\/users\/2"}],"replies":[{"embeddable":true,"href":"http:\/\/redaccio-digital.recursos.uoc.edu\/es\/wp-json\/wp\/v2\/comments?post=491"}],"version-history":[{"count":7,"href":"http:\/\/redaccio-digital.recursos.uoc.edu\/es\/wp-json\/wp\/v2\/pages\/491\/revisions"}],"predecessor-version":[{"id":885,"href":"http:\/\/redaccio-digital.recursos.uoc.edu\/es\/wp-json\/wp\/v2\/pages\/491\/revisions\/885"}],"wp:attachment":[{"href":"http:\/\/redaccio-digital.recursos.uoc.edu\/es\/wp-json\/wp\/v2\/media?parent=491"}],"curies":[{"name":"wp","href":"https:\/\/api.w.org\/{rel}","templated":true}]}}