{"id":487,"date":"2020-01-19T07:22:41","date_gmt":"2020-01-19T05:22:41","guid":{"rendered":"http:\/\/redaccio-digital.recursos.uoc.edu\/?page_id=487"},"modified":"2020-01-19T22:24:20","modified_gmt":"2020-01-19T20:24:20","slug":"5-4-1-que-quiere-decir-cohesionado","status":"publish","type":"page","link":"http:\/\/redaccio-digital.recursos.uoc.edu\/es\/5-4-1-que-quiere-decir-cohesionado\/","title":{"rendered":"5.4.1. \u00bfQu\u00e9 quiere decir cohesionado?"},"content":{"rendered":"<p>Cuando hablamos de <a href=\"https:\/\/es.wikipedia.org\/wiki\/Cohesi%C3%B3n_textual\" target=\"_blank\" rel=\"noopener noreferrer\"><em>cohesi\u00f3n<\/em><\/a> del texto nos referimos b\u00e1sicamente al hecho de que las oraciones y los p\u00e1rrafos que lo forman tienen que estar bien construidos y, adem\u00e1s, bien relacionados entre s\u00ed.<\/p>\n<p>Los elementos principales para estructurar la informaci\u00f3n, y dar cohesi\u00f3n y unidad al trabajo son:<\/p>\n<ul>\n<li>Los <strong>p\u00e1rrafos<\/strong>, que distribuyen las ideas a lo largo del documento.<\/li>\n<li>Los <strong>conectores<\/strong>, que relacionen frases y p\u00e1rrafos entre s\u00ed.<\/li>\n<li>La <strong>puntuaci\u00f3n<\/strong>, que aporta inteligibilidad al texto.<\/li>\n<\/ul>\n","protected":false},"excerpt":{"rendered":"<p>Cuando hablamos de cohesi\u00f3n del texto nos referimos b\u00e1sicamente al hecho de que las oraciones y los p\u00e1rrafos que lo forman tienen que estar bien construidos y, adem\u00e1s, bien relacionados entre s\u00ed. Los elementos principales para estructurar la informaci\u00f3n, y dar cohesi\u00f3n y unidad al trabajo son: Los p\u00e1rrafos, que distribuyen las ideas a lo [&hellip;]<\/p>\n","protected":false},"author":2,"featured_media":0,"parent":0,"menu_order":0,"comment_status":"closed","ping_status":"closed","template":"","meta":[],"_links":{"self":[{"href":"http:\/\/redaccio-digital.recursos.uoc.edu\/es\/wp-json\/wp\/v2\/pages\/487"}],"collection":[{"href":"http:\/\/redaccio-digital.recursos.uoc.edu\/es\/wp-json\/wp\/v2\/pages"}],"about":[{"href":"http:\/\/redaccio-digital.recursos.uoc.edu\/es\/wp-json\/wp\/v2\/types\/page"}],"author":[{"embeddable":true,"href":"http:\/\/redaccio-digital.recursos.uoc.edu\/es\/wp-json\/wp\/v2\/users\/2"}],"replies":[{"embeddable":true,"href":"http:\/\/redaccio-digital.recursos.uoc.edu\/es\/wp-json\/wp\/v2\/comments?post=487"}],"version-history":[{"count":5,"href":"http:\/\/redaccio-digital.recursos.uoc.edu\/es\/wp-json\/wp\/v2\/pages\/487\/revisions"}],"predecessor-version":[{"id":621,"href":"http:\/\/redaccio-digital.recursos.uoc.edu\/es\/wp-json\/wp\/v2\/pages\/487\/revisions\/621"}],"wp:attachment":[{"href":"http:\/\/redaccio-digital.recursos.uoc.edu\/es\/wp-json\/wp\/v2\/media?parent=487"}],"curies":[{"name":"wp","href":"https:\/\/api.w.org\/{rel}","templated":true}]}}