{"id":477,"date":"2020-01-19T07:19:54","date_gmt":"2020-01-19T05:19:54","guid":{"rendered":"http:\/\/redaccio-digital.recursos.uoc.edu\/?page_id=477"},"modified":"2020-02-10T13:46:08","modified_gmt":"2020-02-10T11:46:08","slug":"5-3-5-el-soporte","status":"publish","type":"page","link":"http:\/\/redaccio-digital.recursos.uoc.edu\/es\/5-3-5-el-soporte\/","title":{"rendered":"5.3.5. El soporte"},"content":{"rendered":"<p>Tradicionalmente, no se ha tenido en cuenta el soporte utilizado como un factor que condicione la redacci\u00f3n del texto. De hecho, hasta hace muy pocos a\u00f1os la mayor\u00eda de soportes digitales, como por ejemplo blogs, wikis, sitios web, microblogs, etc., no exist\u00edan, y en cambio, hoy en d\u00eda ocupan un lugar central. Es de esperar que sigan apareciendo nuevos modelos de soportes digitales.<\/p>\n<p>Estos soportes tienen, adem\u00e1s, otra caracter\u00edstica in\u00e9dita hasta ahora. Pueden incorporar textos escritos pero tambi\u00e9n fotograf\u00edas, textos orales (<em>podcasts<\/em>) o, incluso, audiovisuales. Esto hace que en un mismo texto aparezcan caracter\u00edsticas del lenguaje escrito y otras propias del lenguaje audiovisual.<\/p>\n<p>En el marco universitario de la UOC, y espec\u00edficamente en cuanto a la asignatura Competencias TIC, los soportes o herramientas digitales que utilizaremos son:<\/p>\n<ul>\n<li>Procesadores de texto colaborativos: Google Docs \/ Office Web Apps.<\/li>\n<li>Gestores de proyectos: Gantter \/ Trello.<\/li>\n<li>Marcadores sociales: Diigo \/ List.ly.<\/li>\n<li>Wikis.<\/li>\n<li>Sitios web (Google Sites).<\/li>\n<li>Blogs.<\/li>\n<li>V\u00eddeos.<\/li>\n<li>Etc\u00e9tera.<\/li>\n<\/ul>\n","protected":false},"excerpt":{"rendered":"<p>Tradicionalmente, no se ha tenido en cuenta el soporte utilizado como un factor que condicione la redacci\u00f3n del texto. De hecho, hasta hace muy pocos a\u00f1os la mayor\u00eda de soportes digitales, como por ejemplo blogs, wikis, sitios web, microblogs, etc., no exist\u00edan, y en cambio, hoy en d\u00eda ocupan un lugar central. Es de esperar [&hellip;]<\/p>\n","protected":false},"author":2,"featured_media":0,"parent":0,"menu_order":0,"comment_status":"closed","ping_status":"closed","template":"","meta":[],"_links":{"self":[{"href":"http:\/\/redaccio-digital.recursos.uoc.edu\/es\/wp-json\/wp\/v2\/pages\/477"}],"collection":[{"href":"http:\/\/redaccio-digital.recursos.uoc.edu\/es\/wp-json\/wp\/v2\/pages"}],"about":[{"href":"http:\/\/redaccio-digital.recursos.uoc.edu\/es\/wp-json\/wp\/v2\/types\/page"}],"author":[{"embeddable":true,"href":"http:\/\/redaccio-digital.recursos.uoc.edu\/es\/wp-json\/wp\/v2\/users\/2"}],"replies":[{"embeddable":true,"href":"http:\/\/redaccio-digital.recursos.uoc.edu\/es\/wp-json\/wp\/v2\/comments?post=477"}],"version-history":[{"count":6,"href":"http:\/\/redaccio-digital.recursos.uoc.edu\/es\/wp-json\/wp\/v2\/pages\/477\/revisions"}],"predecessor-version":[{"id":852,"href":"http:\/\/redaccio-digital.recursos.uoc.edu\/es\/wp-json\/wp\/v2\/pages\/477\/revisions\/852"}],"wp:attachment":[{"href":"http:\/\/redaccio-digital.recursos.uoc.edu\/es\/wp-json\/wp\/v2\/media?parent=477"}],"curies":[{"name":"wp","href":"https:\/\/api.w.org\/{rel}","templated":true}]}}