{"id":473,"date":"2020-01-19T07:19:15","date_gmt":"2020-01-19T05:19:15","guid":{"rendered":"http:\/\/redaccio-digital.recursos.uoc.edu\/?page_id=473"},"modified":"2020-02-18T11:25:37","modified_gmt":"2020-02-18T09:25:37","slug":"5-3-4-los-generos-discursivos","status":"publish","type":"page","link":"http:\/\/redaccio-digital.recursos.uoc.edu\/es\/5-3-4-los-generos-discursivos\/","title":{"rendered":"5.3.4. Los g\u00e9neros discursivos"},"content":{"rendered":"<p>Los g\u00e9neros son <strong>modelos de texto con caracter\u00edsticas comunes<\/strong>. Algunos ejemplos de g\u00e9neros discursivos son la novela policiaca, el ensayo, el art\u00edculo period\u00edstico, la tesis doctoral o el discurso pol\u00edtico.<\/p>\n<p><div class='content-column two_fifth'><div style=\"padding-right:20px;\"><img loading=\"lazy\" class=\"alignleft wp-image-683\" src=\"\/wp-content\/uploads\/2020\/01\/20.005_21-300x200.jpg\" alt=\"\" width=\"275\" height=\"183\" srcset=\"\/wp-content\/uploads\/2020\/01\/20.005_21-300x200.jpg 300w, \/wp-content\/uploads\/2020\/01\/20.005_21.jpg 640w\" sizes=\"(max-width: 275px) 100vw, 275px\" \/><\/div><\/div><div class='content-column three_fifth last_column'>Los g\u00e9neros corresponden <strong>tanto a situaciones comunicativas como a prop\u00f3sitos comunicativos determinados<\/strong>: entre un dietario y un libro t\u00e9cnico habr\u00e1 diferencias respecto a los objetivos comunicativos, la subjetividad, la estructura, la formalidad, etc. Incluso habr\u00e1 diferencias respecto al tipo de soporte m\u00e1s adecuado para comunicarlo. Por lo tanto, al elegir un g\u00e9nero, el autor ya elige tambi\u00e9n las pautas de redacci\u00f3n y las caracter\u00edsticas de ese g\u00e9nero.<\/div><div class='clear_column'><\/div><\/p>\n<p>En el marco universitario de la UOC, y espec\u00edficamente en cuanto a la asignatura Competencias TIC, los g\u00e9neros que utilizaremos son:<\/p>\n<ul>\n<li><strong>Proyectos<\/strong> o monograf\u00edas.<\/li>\n<li><strong>Diarios<\/strong> de trabajo: blogs<\/li>\n<li><strong>Instrucciones y normativas<\/strong>: planificaci\u00f3n, acuerdos de grupo o criterios de b\u00fasqueda.<\/li>\n<li><strong>Presentaciones <\/strong>de los proyectos.<\/li>\n<\/ul>\n","protected":false},"excerpt":{"rendered":"<p>Los g\u00e9neros son modelos de texto con caracter\u00edsticas comunes. Algunos ejemplos de g\u00e9neros discursivos son la novela policiaca, el ensayo, el art\u00edculo period\u00edstico, la tesis doctoral o el discurso pol\u00edtico. En el marco universitario de la UOC, y espec\u00edficamente en cuanto a la asignatura Competencias TIC, los g\u00e9neros que utilizaremos son: Proyectos o monograf\u00edas. Diarios [&hellip;]<\/p>\n","protected":false},"author":2,"featured_media":0,"parent":0,"menu_order":0,"comment_status":"closed","ping_status":"closed","template":"","meta":[],"_links":{"self":[{"href":"http:\/\/redaccio-digital.recursos.uoc.edu\/es\/wp-json\/wp\/v2\/pages\/473"}],"collection":[{"href":"http:\/\/redaccio-digital.recursos.uoc.edu\/es\/wp-json\/wp\/v2\/pages"}],"about":[{"href":"http:\/\/redaccio-digital.recursos.uoc.edu\/es\/wp-json\/wp\/v2\/types\/page"}],"author":[{"embeddable":true,"href":"http:\/\/redaccio-digital.recursos.uoc.edu\/es\/wp-json\/wp\/v2\/users\/2"}],"replies":[{"embeddable":true,"href":"http:\/\/redaccio-digital.recursos.uoc.edu\/es\/wp-json\/wp\/v2\/comments?post=473"}],"version-history":[{"count":7,"href":"http:\/\/redaccio-digital.recursos.uoc.edu\/es\/wp-json\/wp\/v2\/pages\/473\/revisions"}],"predecessor-version":[{"id":884,"href":"http:\/\/redaccio-digital.recursos.uoc.edu\/es\/wp-json\/wp\/v2\/pages\/473\/revisions\/884"}],"wp:attachment":[{"href":"http:\/\/redaccio-digital.recursos.uoc.edu\/es\/wp-json\/wp\/v2\/media?parent=473"}],"curies":[{"name":"wp","href":"https:\/\/api.w.org\/{rel}","templated":true}]}}