{"id":461,"date":"2020-01-19T07:16:59","date_gmt":"2020-01-19T05:16:59","guid":{"rendered":"http:\/\/redaccio-digital.recursos.uoc.edu\/?page_id=461"},"modified":"2020-01-19T21:03:56","modified_gmt":"2020-01-19T19:03:56","slug":"5-3-1-introduccion","status":"publish","type":"page","link":"http:\/\/redaccio-digital.recursos.uoc.edu\/es\/5-3-1-introduccion\/","title":{"rendered":"5.3.1. Introducci\u00f3n"},"content":{"rendered":"<p>Hay una serie de elementos externos al propio texto que determinan su <strong>situaci\u00f3n y la finalidad comunicativa<\/strong>. Estos elementos condicionar\u00e1n en mayor o menor medida la redacci\u00f3n y la elecci\u00f3n:<\/p>\n<ul>\n<li>de los <strong>registros <\/strong>ling\u00fc\u00edsticos,<\/li>\n<li>de las <strong>tipolog\u00edas <\/strong>textuales,<\/li>\n<li>de los <strong>g\u00e9neros<\/strong> discursivos.<\/li>\n<\/ul>\n<p>Cuando un texto tiene en cuenta estos elementos y est\u00e1 bien adaptado a la situaci\u00f3n y a la intenci\u00f3n comunicativa, y el lector lo percibe as\u00ed, decimos que tiene <strong>adecuaci\u00f3n<\/strong>. A veces esta caracter\u00edstica del texto tambi\u00e9n se denomina <strong>coherencia externa<\/strong>.<\/p>\n","protected":false},"excerpt":{"rendered":"<p>Hay una serie de elementos externos al propio texto que determinan su situaci\u00f3n y la finalidad comunicativa. Estos elementos condicionar\u00e1n en mayor o menor medida la redacci\u00f3n y la elecci\u00f3n: de los registros ling\u00fc\u00edsticos, de las tipolog\u00edas textuales, de los g\u00e9neros discursivos. Cuando un texto tiene en cuenta estos elementos y est\u00e1 bien adaptado a [&hellip;]<\/p>\n","protected":false},"author":2,"featured_media":0,"parent":0,"menu_order":0,"comment_status":"closed","ping_status":"closed","template":"","meta":[],"_links":{"self":[{"href":"http:\/\/redaccio-digital.recursos.uoc.edu\/es\/wp-json\/wp\/v2\/pages\/461"}],"collection":[{"href":"http:\/\/redaccio-digital.recursos.uoc.edu\/es\/wp-json\/wp\/v2\/pages"}],"about":[{"href":"http:\/\/redaccio-digital.recursos.uoc.edu\/es\/wp-json\/wp\/v2\/types\/page"}],"author":[{"embeddable":true,"href":"http:\/\/redaccio-digital.recursos.uoc.edu\/es\/wp-json\/wp\/v2\/users\/2"}],"replies":[{"embeddable":true,"href":"http:\/\/redaccio-digital.recursos.uoc.edu\/es\/wp-json\/wp\/v2\/comments?post=461"}],"version-history":[{"count":6,"href":"http:\/\/redaccio-digital.recursos.uoc.edu\/es\/wp-json\/wp\/v2\/pages\/461\/revisions"}],"predecessor-version":[{"id":607,"href":"http:\/\/redaccio-digital.recursos.uoc.edu\/es\/wp-json\/wp\/v2\/pages\/461\/revisions\/607"}],"wp:attachment":[{"href":"http:\/\/redaccio-digital.recursos.uoc.edu\/es\/wp-json\/wp\/v2\/media?parent=461"}],"curies":[{"name":"wp","href":"https:\/\/api.w.org\/{rel}","templated":true}]}}