{"id":454,"date":"2020-01-19T07:14:38","date_gmt":"2020-01-19T05:14:38","guid":{"rendered":"http:\/\/redaccio-digital.recursos.uoc.edu\/?page_id=454"},"modified":"2020-02-18T11:24:56","modified_gmt":"2020-02-18T09:24:56","slug":"5-2-3-redaccion-definitiva","status":"publish","type":"page","link":"http:\/\/redaccio-digital.recursos.uoc.edu\/es\/5-2-3-redaccion-definitiva\/","title":{"rendered":"5.2.3. Redacci\u00f3n definitiva"},"content":{"rendered":"<p>La redacci\u00f3n definitiva hay que hacerla releyendo y revisando los principios fundamentales de composici\u00f3n y redacci\u00f3n en todo el proyecto, para mejorarlo y eliminar posibles incorrecciones.<\/p>\n<p><div class='content-column two_fifth'><div style=\"padding-right:20px;\"><img loading=\"lazy\" class=\"alignleft wp-image-681\" src=\"\/wp-content\/uploads\/2020\/01\/20.005_20-300x176.jpg\" alt=\"\" width=\"275\" height=\"161\" srcset=\"\/wp-content\/uploads\/2020\/01\/20.005_20-300x176.jpg 300w, \/wp-content\/uploads\/2020\/01\/20.005_20.jpg 640w\" sizes=\"(max-width: 275px) 100vw, 275px\" \/><\/div><\/div><div class='content-column three_fifth last_column'><p>Es conveniente, si es posible, dejar pasar un periodo de tiempo antes de hacer esta tarea. El texto se mirar\u00e1 con una cierta distancia y los errores que antes se hab\u00edan pasado por alto se ver\u00e1n con m\u00e1s claridad.<\/p><\/div><div class='clear_column'><\/div><\/p>\n<p>Antes de hacer la entrega definitiva, tambi\u00e9n hay que efectuar una revisi\u00f3n de tres aspectos formales:<\/p>\n<a href=\"javascript:void(0);\" class=\"tooltip\" data-toggle=\"popover\" data-placement=\"bottom\" data-content=\"Puede ser \u00fatil consultar p\u00e1ginas web como la de los <a href='https:\/\/www.uoc.edu\/portal\/ca\/servei-linguistic\/index.html' target='_blank' rel='noopener'>Servicios Lingu\u0308\u00edsticos de la UOC<\/a>.\" data-placement=\"top\" data-html=\"true\" ><strong>Ortograf\u00eda y gram\u00e1tica<\/strong><\/a>\n<ul>\n<li>Utilizar un corrector ortogr\u00e1fico, ya sea asociado a un procesador de textos o externo.<\/li>\n<li>Revisar la gram\u00e1tica teniendo en cuenta que a veces los correctores ortogr\u00e1ficos <a href=\"javascript:void(0);\" class=\"tooltip\" data-toggle=\"popover\" data-placement=\"bottom\" data-content=\"Es recomendable consultar la <a href='https:\/\/www.uoc.edu\/portal\/_resources\/CA\/documents\/recursos-linguistics\/Guia-practica-de-catala-20140321.pdf' target='_blank' rel='noopener'>Guia pr\u00e0ctica de catal\u00e0<\/a>, la <a href='https:\/\/www.uoc.edu\/portal\/_resources\/CA\/documents\/recursos-linguistics\/Guia-practica-de-espanol-20140321.pdf' target='_blank' rel='noopener'>Gu\u00eda pr\u00e1ctica de espa\u00f1ol<\/a> o la <a href='https:\/\/www.uoc.edu\/portal\/_resources\/CA\/documents\/recursos-linguistics\/Practical-Guide-to-English-Usage-20140321.pdf' target='_blank' rel='noopener'>Practical Guide to English Usage<\/a> de los Servicios Lingu\u0308\u00edsticos de la UOC.\" data-placement=\"top\" data-html=\"true\" >no la corrigen eficazmente<\/a>.<\/li>\n<li>Revisar la puntuaci\u00f3n.<\/li>\n<li>Revisar convenciones como may\u00fasculas, min\u00fasculas, abreviaturas, siglas, s\u00edmbolos, comillas, guiones o par\u00e9ntesis.<\/li>\n<\/ul>\n<p><strong>Referencias<\/strong><\/p>\n<ul>\n<li>Assegurar l\u2019\u00fas uniforme i coherent de format de text i par\u00e0graf.<\/li>\n<li>Revisar la bibliograf\u00eda.<\/li>\n<\/ul>\n<p><strong>Formato y presentaci\u00f3n<\/strong><\/p>\n<ul>\n<li>Asegurar el uso uniforme y coherente de formato de texto y p\u00e1rrafo.<\/li>\n<li>Revisar la navegaci\u00f3n seg\u00fan el soporte usado: procesadores, wikis, blogs, etc.<\/li>\n<li>Comprobar que los hiperv\u00ednculos y el hipertexto est\u00e1n actualizados.<\/li>\n<li>Considerar el dise\u00f1o y el estilo en la interacci\u00f3n de texto, im\u00e1genes y material multimedia.<\/li>\n<\/ul>\n","protected":false},"excerpt":{"rendered":"<p>La redacci\u00f3n definitiva hay que hacerla releyendo y revisando los principios fundamentales de composici\u00f3n y redacci\u00f3n en todo el proyecto, para mejorarlo y eliminar posibles incorrecciones. Antes de hacer la entrega definitiva, tambi\u00e9n hay que efectuar una revisi\u00f3n de tres aspectos formales: Utilizar un corrector ortogr\u00e1fico, ya sea asociado a un procesador de textos o [&hellip;]<\/p>\n","protected":false},"author":2,"featured_media":0,"parent":0,"menu_order":0,"comment_status":"closed","ping_status":"closed","template":"","meta":[],"_links":{"self":[{"href":"http:\/\/redaccio-digital.recursos.uoc.edu\/es\/wp-json\/wp\/v2\/pages\/454"}],"collection":[{"href":"http:\/\/redaccio-digital.recursos.uoc.edu\/es\/wp-json\/wp\/v2\/pages"}],"about":[{"href":"http:\/\/redaccio-digital.recursos.uoc.edu\/es\/wp-json\/wp\/v2\/types\/page"}],"author":[{"embeddable":true,"href":"http:\/\/redaccio-digital.recursos.uoc.edu\/es\/wp-json\/wp\/v2\/users\/2"}],"replies":[{"embeddable":true,"href":"http:\/\/redaccio-digital.recursos.uoc.edu\/es\/wp-json\/wp\/v2\/comments?post=454"}],"version-history":[{"count":12,"href":"http:\/\/redaccio-digital.recursos.uoc.edu\/es\/wp-json\/wp\/v2\/pages\/454\/revisions"}],"predecessor-version":[{"id":883,"href":"http:\/\/redaccio-digital.recursos.uoc.edu\/es\/wp-json\/wp\/v2\/pages\/454\/revisions\/883"}],"wp:attachment":[{"href":"http:\/\/redaccio-digital.recursos.uoc.edu\/es\/wp-json\/wp\/v2\/media?parent=454"}],"curies":[{"name":"wp","href":"https:\/\/api.w.org\/{rel}","templated":true}]}}