{"id":450,"date":"2020-01-19T07:13:49","date_gmt":"2020-01-19T05:13:49","guid":{"rendered":"http:\/\/redaccio-digital.recursos.uoc.edu\/?page_id=450"},"modified":"2020-02-18T11:17:21","modified_gmt":"2020-02-18T09:17:21","slug":"5-2-2-redaccion-del-borrador","status":"publish","type":"page","link":"http:\/\/redaccio-digital.recursos.uoc.edu\/es\/5-2-2-redaccion-del-borrador\/","title":{"rendered":"5.2.2. Redacci\u00f3n del borrador"},"content":{"rendered":"<p>Con las ideas fundamentales de cada apartado escritas y con la estructura ya definitiva, se empezar\u00e1 la redacci\u00f3n del borrador. Tampoco hay que empezar por el primer punto del \u00edndice y seguir un orden secuencial sino que, por ejemplo, se pueden abordar primero los apartados que est\u00e9n m\u00e1s elaborados o aquellos en los que se tenga m\u00e1s seguridad.<\/p>\n<div class='content-column three_fifth'><p>La redacci\u00f3n del borrador del proyecto consiste en <strong>desarrollar y redactar las ideas descritas en cada apartado, teniendo en cuenta la adecuaci\u00f3n a la finalidad y a la situaci\u00f3n comunicativa y los aspectos de cohesi\u00f3n textual<\/strong>.<\/p>\n<p>Solo si se tienen en cuenta los principios b\u00e1sicos a partir de este estadio del proyecto y no se espera a la revisi\u00f3n final se conseguir\u00e1 una redacci\u00f3n lograda.<\/p>\n<p>Una vez hecho este primer borrador, es conveniente efectuar una <strong>segunda revisi\u00f3n de la redacci\u00f3n<\/strong>, intentando ver los aciertos, pero sobre todo las carencias.<\/p>\n<p>En esta segunda revisi\u00f3n del borrador habr\u00e1 que volver a asegurar <strong>el orden y la alineaci\u00f3n de las ideas con los objetivos del proyecto<\/strong>, pero adem\u00e1s, habr\u00e1 que dedicar especial atenci\u00f3n a:<\/p><\/div><div class='content-column two_fifth last_column'><div style=\"padding-left:20px;\"><img loading=\"lazy\" class=\"alignright wp-image-679\" src=\"\/wp-content\/uploads\/2020\/01\/20.005_19-197x300.jpg\" alt=\"\" width=\"275\" height=\"418\" srcset=\"\/wp-content\/uploads\/2020\/01\/20.005_19-197x300.jpg 197w, \/wp-content\/uploads\/2020\/01\/20.005_19.jpg 421w\" sizes=\"(max-width: 275px) 100vw, 275px\" \/><\/div><\/div><div class='clear_column'><\/div><\/p>\n<p><strong>Coherencia<\/strong><\/p>\n<ul>\n<li>Ordenar y estructurar de forma clara y l\u00f3gica la informaci\u00f3n y las ideas.<\/li>\n<li>Incluir todas las ideas y la informaci\u00f3n que se quieren transmitir.<\/li>\n<li>Respetar la extensi\u00f3n marcada o recomendada, si la hay.<\/li>\n<li>Evitar informaci\u00f3n tangencial e innecesaria que distorsione el foco principal.<\/li>\n<li>Desarrollar y explicar todos los conceptos.<\/li>\n<\/ul>\n<p><strong>Adecuaci\u00f3n<\/strong><\/p>\n<ul>\n<li>Adaptar el l\u00e9xico y el grado de formalidad a la situaci\u00f3n y a la finalidad comunicativa.<\/li>\n<li>Utilizar siempre el mismo registro ling\u00fc\u00edstico.<\/li>\n<li>Evitar un estilo mon\u00f3tono.<\/li>\n<\/ul>\n<p><strong>Cohesi\u00f3n<\/strong><\/p>\n<ul>\n<li>Interrelacionar las frases de un mismo p\u00e1rrafo para que formen unidad tem\u00e1tica.<\/li>\n<li>Interrelacionar los p\u00e1rrafos de un mismo apartado con los conectores adecuados para que se sucedan con fluidez.<\/li>\n<\/ul>\n<p>Tambi\u00e9n en esta segunda revisi\u00f3n es conveniente contrastar nuestra revisi\u00f3n con la de <strong>otra persona<\/strong>. A menudo, las ideas que expresamos y el v\u00ednculo entre estas nos parecen muy claros, pero no necesariamente lo son tanto para los otros, que desconocen el recorrido de nuestros pensamientos.<\/p>\n","protected":false},"excerpt":{"rendered":"<p>Con las ideas fundamentales de cada apartado escritas y con la estructura ya definitiva, se empezar\u00e1 la redacci\u00f3n del borrador. Tampoco hay que empezar por el primer punto del \u00edndice y seguir un orden secuencial sino que, por ejemplo, se pueden abordar primero los apartados que est\u00e9n m\u00e1s elaborados o aquellos en los que se [&hellip;]<\/p>\n","protected":false},"author":2,"featured_media":0,"parent":0,"menu_order":0,"comment_status":"closed","ping_status":"closed","template":"","meta":[],"_links":{"self":[{"href":"http:\/\/redaccio-digital.recursos.uoc.edu\/es\/wp-json\/wp\/v2\/pages\/450"}],"collection":[{"href":"http:\/\/redaccio-digital.recursos.uoc.edu\/es\/wp-json\/wp\/v2\/pages"}],"about":[{"href":"http:\/\/redaccio-digital.recursos.uoc.edu\/es\/wp-json\/wp\/v2\/types\/page"}],"author":[{"embeddable":true,"href":"http:\/\/redaccio-digital.recursos.uoc.edu\/es\/wp-json\/wp\/v2\/users\/2"}],"replies":[{"embeddable":true,"href":"http:\/\/redaccio-digital.recursos.uoc.edu\/es\/wp-json\/wp\/v2\/comments?post=450"}],"version-history":[{"count":8,"href":"http:\/\/redaccio-digital.recursos.uoc.edu\/es\/wp-json\/wp\/v2\/pages\/450\/revisions"}],"predecessor-version":[{"id":881,"href":"http:\/\/redaccio-digital.recursos.uoc.edu\/es\/wp-json\/wp\/v2\/pages\/450\/revisions\/881"}],"wp:attachment":[{"href":"http:\/\/redaccio-digital.recursos.uoc.edu\/es\/wp-json\/wp\/v2\/media?parent=450"}],"curies":[{"name":"wp","href":"https:\/\/api.w.org\/{rel}","templated":true}]}}