{"id":443,"date":"2020-01-19T07:10:33","date_gmt":"2020-01-19T05:10:33","guid":{"rendered":"http:\/\/redaccio-digital.recursos.uoc.edu\/?page_id=443"},"modified":"2020-02-18T11:16:23","modified_gmt":"2020-02-18T09:16:23","slug":"5-2-1-descripcion-del-esquema-inicial","status":"publish","type":"page","link":"http:\/\/redaccio-digital.recursos.uoc.edu\/es\/5-2-1-descripcion-del-esquema-inicial\/","title":{"rendered":"5.2.1. Descripci\u00f3n del esquema inicial"},"content":{"rendered":"<p>Una vez establecida la estructura inicial del proyecto, hay que describir sus apartados, anotando brevemente las <strong>ideas b\u00e1sicas<\/strong> que se desarrollar\u00e1n en cada uno de ellos. Es muy recomendable usar un p\u00e1rrafo para cada idea.<\/p>\n<p><div class='content-column two_fifth'><div style=\"padding-right:20px;\"><img loading=\"lazy\" class=\"alignleft wp-image-677\" src=\"\/wp-content\/uploads\/2020\/01\/20.005_18-300x209.jpg\" alt=\"\" width=\"275\" height=\"192\" srcset=\"\/wp-content\/uploads\/2020\/01\/20.005_18-300x209.jpg 300w, \/wp-content\/uploads\/2020\/01\/20.005_18.jpg 640w\" sizes=\"(max-width: 275px) 100vw, 275px\" \/><\/div><\/div><div class='content-column three_fifth last_column'><p>Es preferible empezar por los aspectos que se tengan m\u00e1s claros. En este estadio inicial, podemos dejar de lado las cuestiones de estilo y concentrarnos en el contenido.<\/p>\n<p>Una vez que todos los apartados tengan una descripci\u00f3n de las ideas principales que contendr\u00e1n, habr\u00e1 que hacer una lectura detallada para asegurar:<\/p><\/div><div class='clear_column'><\/div><\/p>\n<ul>\n<li>Que las <strong>ideas<\/strong> de cada apartado est\u00e1n <strong>ordenadas de manera l\u00f3gica<\/strong>.<\/li>\n<li>Que las <strong>ideas<\/strong> expresadas en el conjunto de los apartados est\u00e1n <strong>alineadas con los objetivos del proyecto y les dan respuesta<\/strong>.<\/li>\n<\/ul>\n<p>Es conveniente que otra persona haga tambi\u00e9n esta revisi\u00f3n para contrastarla con la propia. Fruto de esta lectura y revisi\u00f3n, puede ser que se tenga que modificar levemente la estructura. Es habitual que esto pase en los estadios iniciales de la redacci\u00f3n.<\/p>\n","protected":false},"excerpt":{"rendered":"<p>Una vez establecida la estructura inicial del proyecto, hay que describir sus apartados, anotando brevemente las ideas b\u00e1sicas que se desarrollar\u00e1n en cada uno de ellos. Es muy recomendable usar un p\u00e1rrafo para cada idea. Que las ideas de cada apartado est\u00e1n ordenadas de manera l\u00f3gica. Que las ideas expresadas en el conjunto de los [&hellip;]<\/p>\n","protected":false},"author":2,"featured_media":0,"parent":0,"menu_order":0,"comment_status":"closed","ping_status":"closed","template":"","meta":[],"_links":{"self":[{"href":"http:\/\/redaccio-digital.recursos.uoc.edu\/es\/wp-json\/wp\/v2\/pages\/443"}],"collection":[{"href":"http:\/\/redaccio-digital.recursos.uoc.edu\/es\/wp-json\/wp\/v2\/pages"}],"about":[{"href":"http:\/\/redaccio-digital.recursos.uoc.edu\/es\/wp-json\/wp\/v2\/types\/page"}],"author":[{"embeddable":true,"href":"http:\/\/redaccio-digital.recursos.uoc.edu\/es\/wp-json\/wp\/v2\/users\/2"}],"replies":[{"embeddable":true,"href":"http:\/\/redaccio-digital.recursos.uoc.edu\/es\/wp-json\/wp\/v2\/comments?post=443"}],"version-history":[{"count":7,"href":"http:\/\/redaccio-digital.recursos.uoc.edu\/es\/wp-json\/wp\/v2\/pages\/443\/revisions"}],"predecessor-version":[{"id":880,"href":"http:\/\/redaccio-digital.recursos.uoc.edu\/es\/wp-json\/wp\/v2\/pages\/443\/revisions\/880"}],"wp:attachment":[{"href":"http:\/\/redaccio-digital.recursos.uoc.edu\/es\/wp-json\/wp\/v2\/media?parent=443"}],"curies":[{"name":"wp","href":"https:\/\/api.w.org\/{rel}","templated":true}]}}