{"id":438,"date":"2020-01-19T07:09:12","date_gmt":"2020-01-19T05:09:12","guid":{"rendered":"http:\/\/redaccio-digital.recursos.uoc.edu\/?page_id=438"},"modified":"2020-01-19T20:39:02","modified_gmt":"2020-01-19T18:39:02","slug":"5-1-introduccion","status":"publish","type":"page","link":"http:\/\/redaccio-digital.recursos.uoc.edu\/es\/5-1-introduccion\/","title":{"rendered":"5.1. Introducci\u00f3n"},"content":{"rendered":"<p>Las herramientas digitales de redacci\u00f3n y composici\u00f3n de la informaci\u00f3n nos permiten utilizar estrategias que no hubiera sido posible usar hace solo un par de d\u00e9cadas. Ya no hace falta que, cuando empezamos a escribir, tengamos completamente claro el resultado final, sino que, partiendo de la estructura que hemos establecido previamente, podemos redactar el proyecto por apartados o por etapas, sin que esto requiera actualmente una inversi\u00f3n elevada en tiempo ni en materiales.<\/p>\n<p>Eso s\u00ed, en cada una de estas etapas del <strong>proceso de redacci\u00f3n<\/strong> hemos de tener presentes los principios b\u00e1sicos de composici\u00f3n y redacci\u00f3n para que el resultado final sea <strong>coherente,\u00a0adecuado a la situaci\u00f3n y la finalidad comunicativa<\/strong>, y para que est\u00e9 <strong>cohesionado<\/strong>.<\/p>\n","protected":false},"excerpt":{"rendered":"<p>Las herramientas digitales de redacci\u00f3n y composici\u00f3n de la informaci\u00f3n nos permiten utilizar estrategias que no hubiera sido posible usar hace solo un par de d\u00e9cadas. Ya no hace falta que, cuando empezamos a escribir, tengamos completamente claro el resultado final, sino que, partiendo de la estructura que hemos establecido previamente, podemos redactar el proyecto [&hellip;]<\/p>\n","protected":false},"author":2,"featured_media":0,"parent":0,"menu_order":0,"comment_status":"closed","ping_status":"closed","template":"","meta":[],"_links":{"self":[{"href":"http:\/\/redaccio-digital.recursos.uoc.edu\/es\/wp-json\/wp\/v2\/pages\/438"}],"collection":[{"href":"http:\/\/redaccio-digital.recursos.uoc.edu\/es\/wp-json\/wp\/v2\/pages"}],"about":[{"href":"http:\/\/redaccio-digital.recursos.uoc.edu\/es\/wp-json\/wp\/v2\/types\/page"}],"author":[{"embeddable":true,"href":"http:\/\/redaccio-digital.recursos.uoc.edu\/es\/wp-json\/wp\/v2\/users\/2"}],"replies":[{"embeddable":true,"href":"http:\/\/redaccio-digital.recursos.uoc.edu\/es\/wp-json\/wp\/v2\/comments?post=438"}],"version-history":[{"count":5,"href":"http:\/\/redaccio-digital.recursos.uoc.edu\/es\/wp-json\/wp\/v2\/pages\/438\/revisions"}],"predecessor-version":[{"id":597,"href":"http:\/\/redaccio-digital.recursos.uoc.edu\/es\/wp-json\/wp\/v2\/pages\/438\/revisions\/597"}],"wp:attachment":[{"href":"http:\/\/redaccio-digital.recursos.uoc.edu\/es\/wp-json\/wp\/v2\/media?parent=438"}],"curies":[{"name":"wp","href":"https:\/\/api.w.org\/{rel}","templated":true}]}}