{"id":424,"date":"2020-01-19T07:05:58","date_gmt":"2020-01-19T05:05:58","guid":{"rendered":"http:\/\/redaccio-digital.recursos.uoc.edu\/?page_id=424"},"modified":"2020-01-20T15:15:20","modified_gmt":"2020-01-20T13:15:20","slug":"4-5-cierre","status":"publish","type":"page","link":"http:\/\/redaccio-digital.recursos.uoc.edu\/es\/4-5-cierre\/","title":{"rendered":"4.5. Cierre"},"content":{"rendered":"<p>Los apartados de cierre del proyecto son la <strong>conclusi\u00f3n<\/strong> y la <strong>bibliograf\u00eda<\/strong>. En algunos proyectos, adem\u00e1s, se puede a\u00f1adir un <strong>ap\u00e9ndice<\/strong> o un <strong>apartado de referencias<\/strong>.<\/p>\n<ul>\n<li><strong>Conclusi\u00f3n<\/strong>. Tiene que retomar los <strong>objetivos<\/strong> planteados en la introducci\u00f3n y, de manera claramente alineada con el cuerpo del trabajo, revisar en detalle si se han cumplido o no. Los resultados o valoraciones personales que se expondr\u00e1n en esta parte tienen que surgir de manera coherente y fluida de los argumentos presentados en el cuerpo del trabajo. Las afirmaciones no pueden ser dogm\u00e1ticas o imprecisas, sino que habr\u00e1n sido bien demostradas y argumentadas previamente. La conclusi\u00f3n puede incluir una <strong>reflexi\u00f3n final<\/strong> sobre el proceso seguido y sobre lo que se ha aprendido al realizarlo.<\/li>\n<\/ul>\n<ul>\n<li><strong>Bibliograf\u00eda<\/strong>. Contiene, ordenadas, todas las referencias de las fuentes de informaci\u00f3n usadas y citadas en el proyecto. Es una secci\u00f3n que se redacta una vez acabado el mismo. Con los sistemas de gesti\u00f3n de referencias bibliogr\u00e1ficas esta tarea se hace de manera autom\u00e1tica. Hay muchas formas de citar referencias, y seg\u00fan la disciplina o la tem\u00e1tica del documento ser\u00e1 conveniente usar una u otra. Dos de los sistemas m\u00e1s comunes son el de la <a href=\"https:\/\/biblioteca.udg.edu\/ca\/com-citar-documents\/estil-apa?language_content_entity=ca\" target=\"_blank\" rel=\"noopener noreferrer\">APA<\/a> (American Psychological Association) y el de la ISO: ISO 690 para documentos impresos y audiovisuales, e ISO 690\u20102 para <a href=\"javascript:void(0);\" class=\"tooltip\" data-toggle=\"popover\" data-placement=\"bottom\" data-content=\"Bruguera, E. <em>B\u00fasqueda y localizaci\u00f3n de la informaci\u00f3n por Internet<\/em>. UOC.\" data-placement=\"top\" data-html=\"true\" >documentos electr\u00f3nicos<\/a>. Como otras instituciones, la UOC ha adaptado estos est\u00e1ndares a sus necesidades. Pod\u00e9is informaros sobre estas adaptaciones en la <a href=\"https:\/\/www.uoc.edu\/portal\/_resources\/CA\/documents\/recursos-linguistics\/guia-practica-de-espanol-20160908.pdf\" target=\"_blank\" rel=\"noopener noreferrer\"><em>Gu\u00eda pr\u00e1ctica de espa\u00f1ol<\/em><\/a> de la UOC.<\/li>\n<\/ul>\n<p><img loading=\"lazy\" class=\"aligncenter size-full wp-image-717\" src=\"\/wp-content\/uploads\/2020\/01\/20.005_16.jpg\" alt=\"\" width=\"640\" height=\"192\" srcset=\"\/wp-content\/uploads\/2020\/01\/20.005_16.jpg 640w, \/wp-content\/uploads\/2020\/01\/20.005_16-300x90.jpg 300w\" sizes=\"(max-width: 640px) 100vw, 640px\" \/><\/p>\n<ul>\n<li><strong>Referencias y<\/strong> <strong>ap\u00e9ndices<\/strong>: no son prescriptivos. Incluyen <a href=\"javascript:void(0);\" class=\"tooltip\" data-toggle=\"popover\" data-placement=\"bottom\" data-content=\"<em>Gran diccionari de la llengua catalana<\/em>. Barcelona: Enciclop\u00e8dia Catalana.\" data-placement=\"top\" data-html=\"true\" ><strong>informaci\u00f3n complementaria sobre alg\u00fan aspecto no esencial del proyecto<\/strong><\/a>,<strong>\u00a0<\/strong>como por ejemplo:\n<ul>\n<li>Informaci\u00f3n de apoyo al proyecto: datos, ejemplos, otros textos, tablas, gr\u00e1ficos, etc.<\/li>\n<li>Informaci\u00f3n sobre el proceso de elaboraci\u00f3n del proyecto.<\/li>\n<\/ul>\n<\/li>\n<\/ul>\n","protected":false},"excerpt":{"rendered":"<p>Los apartados de cierre del proyecto son la conclusi\u00f3n y la bibliograf\u00eda. En algunos proyectos, adem\u00e1s, se puede a\u00f1adir un ap\u00e9ndice o un apartado de referencias. Conclusi\u00f3n. Tiene que retomar los objetivos planteados en la introducci\u00f3n y, de manera claramente alineada con el cuerpo del trabajo, revisar en detalle si se han cumplido o no. [&hellip;]<\/p>\n","protected":false},"author":2,"featured_media":0,"parent":0,"menu_order":0,"comment_status":"closed","ping_status":"closed","template":"","meta":[],"_links":{"self":[{"href":"http:\/\/redaccio-digital.recursos.uoc.edu\/es\/wp-json\/wp\/v2\/pages\/424"}],"collection":[{"href":"http:\/\/redaccio-digital.recursos.uoc.edu\/es\/wp-json\/wp\/v2\/pages"}],"about":[{"href":"http:\/\/redaccio-digital.recursos.uoc.edu\/es\/wp-json\/wp\/v2\/types\/page"}],"author":[{"embeddable":true,"href":"http:\/\/redaccio-digital.recursos.uoc.edu\/es\/wp-json\/wp\/v2\/users\/2"}],"replies":[{"embeddable":true,"href":"http:\/\/redaccio-digital.recursos.uoc.edu\/es\/wp-json\/wp\/v2\/comments?post=424"}],"version-history":[{"count":10,"href":"http:\/\/redaccio-digital.recursos.uoc.edu\/es\/wp-json\/wp\/v2\/pages\/424\/revisions"}],"predecessor-version":[{"id":777,"href":"http:\/\/redaccio-digital.recursos.uoc.edu\/es\/wp-json\/wp\/v2\/pages\/424\/revisions\/777"}],"wp:attachment":[{"href":"http:\/\/redaccio-digital.recursos.uoc.edu\/es\/wp-json\/wp\/v2\/media?parent=424"}],"curies":[{"name":"wp","href":"https:\/\/api.w.org\/{rel}","templated":true}]}}