{"id":420,"date":"2020-01-19T07:05:20","date_gmt":"2020-01-19T05:05:20","guid":{"rendered":"http:\/\/redaccio-digital.recursos.uoc.edu\/?page_id=420"},"modified":"2020-01-20T15:07:41","modified_gmt":"2020-01-20T13:07:41","slug":"4-4-cuerpo-del-proyecto","status":"publish","type":"page","link":"http:\/\/redaccio-digital.recursos.uoc.edu\/es\/4-4-cuerpo-del-proyecto\/","title":{"rendered":"4.4. Cuerpo del proyecto"},"content":{"rendered":"<p>El cuerpo del proyecto es su elemento central. Puede estar<strong> formado por varios<\/strong> <strong>cap\u00edtulos<\/strong>, apartados y subapartados espec\u00edficos que, dependiendo de la tem\u00e1tica, la intencionalidad, la extensi\u00f3n, etc., del proyecto, determinan su l\u00f3gica y su orden interno.<\/p>\n<p>A grandes rasgos, la raz\u00f3n de ser del cuerpo del proyecto es alcanzar los <strong>objetivos<\/strong> planteados y definidos en la introducci\u00f3n y, al mismo tiempo, dar consistencia a las <strong>conclusiones<\/strong> expuestas al final.<\/p>\n<p>Por lo tanto, <strong>los objetivos, los apartados del cuerpo del proyecto y las conclusiones<\/strong> deben estar perfectamente <strong>alineados y ser del todo coherentes<\/strong>. Si no es as\u00ed, el proyecto se convertir\u00e1 en una suma de informaciones inconexas, sin un hilo conductor que aporte sentido.<\/p>\n<p>No se llega a la estructura definitiva del proyecto a la primera. Estructurar un proyecto es un <strong>proceso din\u00e1mico<\/strong> y puede ser que haya que modificar la estructura inicial de apartados del cuerpo del trabajo en funci\u00f3n de la informaci\u00f3n que utilicemos y de nuestro mayor conocimiento del tema. Eso s\u00ed, estos ajustes no pueden alejarse de los objetivos del proyecto.<\/p>\n<p><img loading=\"lazy\" class=\"aligncenter size-full wp-image-714\" src=\"\/wp-content\/uploads\/2020\/01\/20.005_15.jpg\" alt=\"\" width=\"640\" height=\"230\" srcset=\"\/wp-content\/uploads\/2020\/01\/20.005_15.jpg 640w, \/wp-content\/uploads\/2020\/01\/20.005_15-300x108.jpg 300w\" sizes=\"(max-width: 640px) 100vw, 640px\" \/><\/p>\n<p>Esta primera aproximaci\u00f3n a la estructura se puede hacer directamente escribiendo<strong> un primer esquema de niveles<\/strong>. Tambi\u00e9n se puede construir utilizando<strong> herramientas digitales<\/strong>, especialmente <strong>mapas conceptuales<\/strong>. En ambos casos el proceso intelectual de elaboraci\u00f3n del primer \u00edndice es id\u00e9ntico: ordenar y estructurar el discurso para alcanzar el prop\u00f3sito del proyecto.<\/p>\n","protected":false},"excerpt":{"rendered":"<p>El cuerpo del proyecto es su elemento central. Puede estar formado por varios cap\u00edtulos, apartados y subapartados espec\u00edficos que, dependiendo de la tem\u00e1tica, la intencionalidad, la extensi\u00f3n, etc., del proyecto, determinan su l\u00f3gica y su orden interno. A grandes rasgos, la raz\u00f3n de ser del cuerpo del proyecto es alcanzar los objetivos planteados y definidos [&hellip;]<\/p>\n","protected":false},"author":2,"featured_media":0,"parent":0,"menu_order":0,"comment_status":"closed","ping_status":"closed","template":"","meta":[],"_links":{"self":[{"href":"http:\/\/redaccio-digital.recursos.uoc.edu\/es\/wp-json\/wp\/v2\/pages\/420"}],"collection":[{"href":"http:\/\/redaccio-digital.recursos.uoc.edu\/es\/wp-json\/wp\/v2\/pages"}],"about":[{"href":"http:\/\/redaccio-digital.recursos.uoc.edu\/es\/wp-json\/wp\/v2\/types\/page"}],"author":[{"embeddable":true,"href":"http:\/\/redaccio-digital.recursos.uoc.edu\/es\/wp-json\/wp\/v2\/users\/2"}],"replies":[{"embeddable":true,"href":"http:\/\/redaccio-digital.recursos.uoc.edu\/es\/wp-json\/wp\/v2\/comments?post=420"}],"version-history":[{"count":7,"href":"http:\/\/redaccio-digital.recursos.uoc.edu\/es\/wp-json\/wp\/v2\/pages\/420\/revisions"}],"predecessor-version":[{"id":775,"href":"http:\/\/redaccio-digital.recursos.uoc.edu\/es\/wp-json\/wp\/v2\/pages\/420\/revisions\/775"}],"wp:attachment":[{"href":"http:\/\/redaccio-digital.recursos.uoc.edu\/es\/wp-json\/wp\/v2\/media?parent=420"}],"curies":[{"name":"wp","href":"https:\/\/api.w.org\/{rel}","templated":true}]}}