{"id":416,"date":"2020-01-19T07:04:42","date_gmt":"2020-01-19T05:04:42","guid":{"rendered":"http:\/\/redaccio-digital.recursos.uoc.edu\/?page_id=416"},"modified":"2020-01-28T11:52:57","modified_gmt":"2020-01-28T09:52:57","slug":"4-3-introduccion","status":"publish","type":"page","link":"http:\/\/redaccio-digital.recursos.uoc.edu\/es\/4-3-introduccion\/","title":{"rendered":"4.3. Introducci\u00f3n"},"content":{"rendered":"<p>Est\u00e1 formada por cuatro elementos:<\/p>\n<ul>\n<li><strong>\u00cdndice<\/strong>: conviene que permita captar de un vistazo la estructura del proyecto y que tenga hiperv\u00ednculos a los diferentes apartados.<\/li>\n<li><strong>Resumen o <\/strong><a href=\"javascript:void(0);\" class=\"tooltip\" data-toggle=\"popover\" data-placement=\"bottom\" data-content=\"Blake, G.; Bly, R. W. (1993). <em>The Elements of Technical Writing<\/em> (p\u00e1g. 117). Nueva York: Macmillan Publishers.\" data-placement=\"top\" data-html=\"true\" ><strong><em>abstract<\/em><\/strong><\/a>: \u00abEs un breve resumen de un art\u00edculo de investigaci\u00f3n, tesis, ensayo, conferencia o de cualquier an\u00e1lisis en profundidad de un tema o disciplina en particular, que a menudo se utiliza para ayudar al lector a determinar r\u00e1pidamente el prop\u00f3sito del proyecto\u00bb. No tiene la finalidad de servir de introducci\u00f3n, sino de presentar una sinopsis del proyecto. Por lo tanto, se tiene que redactar al final. Orientativamente, tendr\u00eda que tener unas 250 palabras, y como m\u00ednimo deber\u00eda indicar:\n<ul>\n<li>El problema que se debe resolver o el objetivo que se tiene que lograr.<\/li>\n<li>El alcance y la profundidad del an\u00e1lisis.<\/li>\n<li>Las conclusiones.<\/li>\n<\/ul>\n<\/li>\n<li><strong>Introducci\u00f3n<\/strong>: el contenido puede ser muy variado, pero acostumbra a tratar algunos aspectos sobre:\n<ul>\n<li>El <strong>propio proyecto<\/strong>: una introducci\u00f3n gen\u00e9rica al tema, otros autores que lo han tratado, una contextualizaci\u00f3n del enfoque elegido, etc.<\/li>\n<li>El <strong>proceso de elaboraci\u00f3n<\/strong>: posibles dificultades con las que se ha encontrado el autor, motivaciones de los autores al elegir el tema, etc.<\/li>\n<li>La <strong>captaci\u00f3n del inter\u00e9s<\/strong> del lector: por ejemplo, mediante el humor o el ingenio, una pregunta sin resolver o haciendo referencia a aspectos que se desarrollar\u00e1n m\u00e1s adelante.<\/li>\n<\/ul>\n<\/li>\n<li><strong>Objetivos<\/strong>: a pesar de que la definici\u00f3n del objetivo a veces se incluye en la introducci\u00f3n, tambi\u00e9n se puede situar aparte. El <strong>objetivo deviene fundamental<\/strong> y es la piedra angular del proyecto, ya que determinar\u00e1 toda la estructura del cuerpo del mismo. Por lo tanto, se tiene que formular antes de iniciar la estructura y el redactado. Es fundamental asegurarnos de que el <strong>objetivo del proyecto<\/strong> <strong>es un reto<\/strong> y, a la vez, que este reto <strong>no sobrepasa el alcance y el marco del proyecto<\/strong>. A veces, junto al objetivo principal se definen dos o tres objetivos secundarios.<\/li>\n<\/ul>\n","protected":false},"excerpt":{"rendered":"<p>Est\u00e1 formada por cuatro elementos: \u00cdndice: conviene que permita captar de un vistazo la estructura del proyecto y que tenga hiperv\u00ednculos a los diferentes apartados. Resumen o : \u00abEs un breve resumen de un art\u00edculo de investigaci\u00f3n, tesis, ensayo, conferencia o de cualquier an\u00e1lisis en profundidad de un tema o disciplina en particular, que a [&hellip;]<\/p>\n","protected":false},"author":2,"featured_media":0,"parent":0,"menu_order":0,"comment_status":"closed","ping_status":"closed","template":"","meta":[],"_links":{"self":[{"href":"http:\/\/redaccio-digital.recursos.uoc.edu\/es\/wp-json\/wp\/v2\/pages\/416"}],"collection":[{"href":"http:\/\/redaccio-digital.recursos.uoc.edu\/es\/wp-json\/wp\/v2\/pages"}],"about":[{"href":"http:\/\/redaccio-digital.recursos.uoc.edu\/es\/wp-json\/wp\/v2\/types\/page"}],"author":[{"embeddable":true,"href":"http:\/\/redaccio-digital.recursos.uoc.edu\/es\/wp-json\/wp\/v2\/users\/2"}],"replies":[{"embeddable":true,"href":"http:\/\/redaccio-digital.recursos.uoc.edu\/es\/wp-json\/wp\/v2\/comments?post=416"}],"version-history":[{"count":7,"href":"http:\/\/redaccio-digital.recursos.uoc.edu\/es\/wp-json\/wp\/v2\/pages\/416\/revisions"}],"predecessor-version":[{"id":822,"href":"http:\/\/redaccio-digital.recursos.uoc.edu\/es\/wp-json\/wp\/v2\/pages\/416\/revisions\/822"}],"wp:attachment":[{"href":"http:\/\/redaccio-digital.recursos.uoc.edu\/es\/wp-json\/wp\/v2\/media?parent=416"}],"curies":[{"name":"wp","href":"https:\/\/api.w.org\/{rel}","templated":true}]}}