{"id":412,"date":"2020-01-19T07:04:13","date_gmt":"2020-01-19T05:04:13","guid":{"rendered":"http:\/\/redaccio-digital.recursos.uoc.edu\/?page_id=412"},"modified":"2020-02-18T11:15:30","modified_gmt":"2020-02-18T09:15:30","slug":"4-2-portada-o-presentacion","status":"publish","type":"page","link":"http:\/\/redaccio-digital.recursos.uoc.edu\/es\/4-2-portada-o-presentacion\/","title":{"rendered":"4.2. Portada o presentaci\u00f3n"},"content":{"rendered":"<p>Puede contener los siguientes elementos identificativos:<\/p>\n<div class='content-column three_fifth'><ul>\n<li><strong>T\u00edtulo<\/strong>: tiene que ser sugerente e indicar de modo clara y preciso el contenido del proyecto. Puede incluir subt\u00edtulo si hay que concretar un poco m\u00e1s.<\/li>\n<li><strong>Autor<\/strong>: o autores, y nombre del grupo que realiza el proyecto. A veces incluye el perfil o el curr\u00edculum de los autores, normalmente en la hoja que sigue a la portada o en la contraportada.<\/li>\n<li><strong>Asignatura<\/strong>: en el caso de proyectos ligados a materias universitarias.<\/li>\n<li><strong>Fecha<\/strong>: puede incluir la fecha de finalizaci\u00f3n o la de entrega.<\/li>\n<li><strong>Receptor<\/strong>: persona o instituci\u00f3n a la que se dirige. Puede incorporar el consultor, la asignatura y\/o la titulaci\u00f3n.<\/li>\n<\/ul><\/div><div class='content-column two_fifth last_column'><div style=\"padding-left:20px;\"><img loading=\"lazy\" class=\"alignright wp-image-673\" src=\"\/wp-content\/uploads\/2020\/01\/20.005_14.jpg\" alt=\"\" width=\"275\" height=\"410\" srcset=\"\/wp-content\/uploads\/2020\/01\/20.005_14.jpg 429w, \/wp-content\/uploads\/2020\/01\/20.005_14-201x300.jpg 201w\" sizes=\"(max-width: 275px) 100vw, 275px\" \/><\/div><\/div><div class='clear_column'><\/div><\/p>\n<p>Adem\u00e1s, puede incluir:<\/p>\n<ul>\n<li><strong>Grafismo<\/strong>: resulta conveniente a\u00f1adir alg\u00fan elemento gr\u00e1fico en la portada.<\/li>\n<li><strong>Agradecimientos y reconocimientos<\/strong>: si procede. Se acostumbran a situar inmediatamente despu\u00e9s de la portada.<\/li>\n<\/ul>\n","protected":false},"excerpt":{"rendered":"<p>Puede contener los siguientes elementos identificativos: Adem\u00e1s, puede incluir: Grafismo: resulta conveniente a\u00f1adir alg\u00fan elemento gr\u00e1fico en la portada. Agradecimientos y reconocimientos: si procede. Se acostumbran a situar inmediatamente despu\u00e9s de la portada.<\/p>\n","protected":false},"author":2,"featured_media":0,"parent":0,"menu_order":0,"comment_status":"closed","ping_status":"closed","template":"","meta":[],"_links":{"self":[{"href":"http:\/\/redaccio-digital.recursos.uoc.edu\/es\/wp-json\/wp\/v2\/pages\/412"}],"collection":[{"href":"http:\/\/redaccio-digital.recursos.uoc.edu\/es\/wp-json\/wp\/v2\/pages"}],"about":[{"href":"http:\/\/redaccio-digital.recursos.uoc.edu\/es\/wp-json\/wp\/v2\/types\/page"}],"author":[{"embeddable":true,"href":"http:\/\/redaccio-digital.recursos.uoc.edu\/es\/wp-json\/wp\/v2\/users\/2"}],"replies":[{"embeddable":true,"href":"http:\/\/redaccio-digital.recursos.uoc.edu\/es\/wp-json\/wp\/v2\/comments?post=412"}],"version-history":[{"count":7,"href":"http:\/\/redaccio-digital.recursos.uoc.edu\/es\/wp-json\/wp\/v2\/pages\/412\/revisions"}],"predecessor-version":[{"id":879,"href":"http:\/\/redaccio-digital.recursos.uoc.edu\/es\/wp-json\/wp\/v2\/pages\/412\/revisions\/879"}],"wp:attachment":[{"href":"http:\/\/redaccio-digital.recursos.uoc.edu\/es\/wp-json\/wp\/v2\/media?parent=412"}],"curies":[{"name":"wp","href":"https:\/\/api.w.org\/{rel}","templated":true}]}}