{"id":404,"date":"2020-01-19T07:01:48","date_gmt":"2020-01-19T05:01:48","guid":{"rendered":"http:\/\/redaccio-digital.recursos.uoc.edu\/?page_id=404"},"modified":"2020-01-28T11:51:08","modified_gmt":"2020-01-28T09:51:08","slug":"4-1-introduccion","status":"publish","type":"page","link":"http:\/\/redaccio-digital.recursos.uoc.edu\/es\/4-1-introduccion\/","title":{"rendered":"4.1. Introducci\u00f3n"},"content":{"rendered":"<p>Iniciar un proyecto sin tener clara la estructura que tendr\u00e1 es tanto como <strong>querer edificar una construcci\u00f3n sin cimientos<\/strong>. Por lo tanto, la estructuraci\u00f3n del proyecto es una de las tareas que m\u00e1s afecta al resultado final. Para que la estructura b\u00e1sica de apartados de un proyecto sea coherente, hace falta:<\/p>\n<ul>\n<li>Que <strong>todos los apartados del trabajo est\u00e9n alineados con los objetivos del proyecto<\/strong>.<\/li>\n<li>Que se <strong>sustenten en el trabajo previo de b\u00fasqueda y de an\u00e1lisis de la informaci\u00f3n y no sean una simple declaraci\u00f3n de intenciones<\/strong>.<\/li>\n<\/ul>\n<p>Hay apartados que tienen que aparecer en casi cualquier tipo de proyecto. Son los que conforman lo que denominamos <strong>estructura b\u00e1sica<\/strong>.<\/p>\n<p>A continuaci\u00f3n, describiremos las principales secciones que acostumbran a conformar la <a class=\"tooltip\"  href=\"javascript:void(0);\" data-toggle=\"popover\" data-placement=\"bottom\" data-content=\"P\u00e9rez-Mateo, M. y otros. El proyecto digital en equipo. UOC\">estructura b\u00e1sica de un proyecto<\/a> de entre 3.000 y 10.000 palabras de extensi\u00f3n.<\/p>\n<p>Notad que esta estructura b\u00e1sica <strong>no presupone ning\u00fan soporte para el proyecto<\/strong>. Puede ser v\u00e1lida, con las adaptaciones pertinentes, tanto para un proyecto en un procesador de textos como para un proyecto en una wiki o en un sitio web.<\/p>\n<p><img loading=\"lazy\" class=\"aligncenter wp-image-819 size-full\" src=\"\/wp-content\/uploads\/2020\/01\/20.105_13.gif\" alt=\"\" width=\"640\" height=\"349\" \/><\/p>\n<p>A continuaci\u00f3n los veremos con algo m\u00e1s de detalle.<\/p>\n","protected":false},"excerpt":{"rendered":"<p>Iniciar un proyecto sin tener clara la estructura que tendr\u00e1 es tanto como querer edificar una construcci\u00f3n sin cimientos. Por lo tanto, la estructuraci\u00f3n del proyecto es una de las tareas que m\u00e1s afecta al resultado final. Para que la estructura b\u00e1sica de apartados de un proyecto sea coherente, hace falta: Que todos los apartados [&hellip;]<\/p>\n","protected":false},"author":2,"featured_media":0,"parent":0,"menu_order":0,"comment_status":"closed","ping_status":"closed","template":"","meta":[],"_links":{"self":[{"href":"http:\/\/redaccio-digital.recursos.uoc.edu\/es\/wp-json\/wp\/v2\/pages\/404"}],"collection":[{"href":"http:\/\/redaccio-digital.recursos.uoc.edu\/es\/wp-json\/wp\/v2\/pages"}],"about":[{"href":"http:\/\/redaccio-digital.recursos.uoc.edu\/es\/wp-json\/wp\/v2\/types\/page"}],"author":[{"embeddable":true,"href":"http:\/\/redaccio-digital.recursos.uoc.edu\/es\/wp-json\/wp\/v2\/users\/2"}],"replies":[{"embeddable":true,"href":"http:\/\/redaccio-digital.recursos.uoc.edu\/es\/wp-json\/wp\/v2\/comments?post=404"}],"version-history":[{"count":7,"href":"http:\/\/redaccio-digital.recursos.uoc.edu\/es\/wp-json\/wp\/v2\/pages\/404\/revisions"}],"predecessor-version":[{"id":821,"href":"http:\/\/redaccio-digital.recursos.uoc.edu\/es\/wp-json\/wp\/v2\/pages\/404\/revisions\/821"}],"wp:attachment":[{"href":"http:\/\/redaccio-digital.recursos.uoc.edu\/es\/wp-json\/wp\/v2\/media?parent=404"}],"curies":[{"name":"wp","href":"https:\/\/api.w.org\/{rel}","templated":true}]}}