{"id":396,"date":"2020-01-19T06:59:28","date_gmt":"2020-01-19T04:59:28","guid":{"rendered":"http:\/\/redaccio-digital.recursos.uoc.edu\/?page_id=396"},"modified":"2020-02-18T11:09:06","modified_gmt":"2020-02-18T09:09:06","slug":"2-4-analisis-de-la-informacion","status":"publish","type":"page","link":"http:\/\/redaccio-digital.recursos.uoc.edu\/es\/2-4-analisis-de-la-informacion\/","title":{"rendered":"2.4. An\u00e1lisis de la informaci\u00f3n"},"content":{"rendered":"<p>Con las referencias ya organizadas (referenciadas y clasificadas), hay que empezar una segunda lectura, ya en profundidad, de las fuentes. Este an\u00e1lisis tiene que permitir:<\/p>\n<ul>\n<li>Confirmar que <strong>las fuentes<\/strong> seleccionadas <strong>son adecuadas<\/strong> para lo que necesitamos.<\/li>\n<li>Conocer con detalle el <strong>contenido de estas fuentes<\/strong>.<\/li>\n<li>Aumentar el <strong>conocimiento<\/strong> del tema o aspecto que hay que estudiar.<\/li>\n<li>Determinar la <strong>utilidad concreta de las fuentes<\/strong> en el proyecto, ya sea como introducci\u00f3n general, como idea de apoyo (o de contraste) a la tesis del proyecto, como informaci\u00f3n espec\u00edfica de algunos de los apartados, etc.<\/li>\n<\/ul>\n<p><div class='content-column two_fifth'><div style=\"padding-right:20px;\"><img loading=\"lazy\" class=\"alignleft wp-image-665\" src=\"\/wp-content\/uploads\/2020\/01\/20.005_09-300x245.jpg\" alt=\"\" width=\"275\" height=\"224\" srcset=\"\/wp-content\/uploads\/2020\/01\/20.005_09-300x245.jpg 300w, \/wp-content\/uploads\/2020\/01\/20.005_09.jpg 640w\" sizes=\"(max-width: 275px) 100vw, 275px\" \/><\/div><\/div><div class='content-column three_fifth last_column'>A menudo, este an\u00e1lisis de las fuentes nos llevar\u00e1 a localizar otras fuentes que incorporaremos, a descartar alguna fuente previamente seleccionada o, incluso, a realizar nuevas b\u00fasquedas.<\/p>\n<p>Cuando ya hayamos determinado la utilidad de la fuente, resulta conveniente anotarlo. La mejor manera de hacerlo es utilizando las <strong><em>fichas de trabajo<\/em><\/strong>.<\/div><div class='clear_column'><\/div><\/p>\n<p>Las fichas de trabajo son anotaciones que permiten trabajar con las fuentes de manera m\u00e1s \u00e1gil y eficiente, y tambi\u00e9n recuperar las referencias adecuadas cuando las precisemos para redactar el proyecto, para hacer una citaci\u00f3n o simplemente para revisar el contenido de alg\u00fan apartado. Tambi\u00e9n son \u00fatiles para ver qu\u00e9 ideas que hemos analizado de las fuentes se relacionan con las otras y cu\u00e1les quedan desconectadas.<\/p>\n<p>Estas anotaciones pueden tener varias formas. A continuaci\u00f3n, indicamos algunos de los aspectos que pueden incluir y que <strong>utilizaremos para clasificar<\/strong> las fuentes de informaci\u00f3n:<\/p>\n<ul>\n<li><strong>Temas<\/strong> y subtemas que tratan.<\/li>\n<li><strong>Apartados<\/strong> especialmente relevantes que contienen.<\/li>\n<li><strong>Utilidad<\/strong> que tienen para el proyecto.<\/li>\n<li><strong>Otras ideas<\/strong> que se nos ocurran al hacer la primera lectura.<\/li>\n<\/ul>\n<p><div class='content-column two_fifth'><div style=\"padding-right:20px;\"><img loading=\"lazy\" class=\"alignleft wp-image-667\" src=\"\/wp-content\/uploads\/2020\/01\/20.005_10-300x246.jpg\" alt=\"\" width=\"275\" height=\"226\" srcset=\"\/wp-content\/uploads\/2020\/01\/20.005_10-300x246.jpg 300w, \/wp-content\/uploads\/2020\/01\/20.005_10.jpg 640w\" sizes=\"(max-width: 275px) 100vw, 275px\" \/><\/div><\/div><div class='content-column three_fifth last_column'>Tradicionalmente, las fichas de trabajo, como las bibliogr\u00e1ficas, eran manuscritas o mecanografiadas y comportaban un proceso muy pesado. Los <strong>gestores bibliogr\u00e1ficos<\/strong> incorporan opciones para redactar fichas de trabajo que permiten anotar los aspectos de la fuente bibliogr\u00e1fica que nos ser\u00e1n \u00fatiles para nuestro proyecto.<\/p>\n<p>Del mismo modo, los <a href=\"javascript:void(0);\" class=\"tooltip\" data-toggle=\"popover\" data-placement=\"bottom\" data-content=\"\u00abEtiquetaje\u00bb. En: <em>Pautas para optimizar la organizaci\u00f3n de la informaci\u00f3n digital<\/em>. UOC.\" data-placement=\"top\" data-html=\"true\" >marcadores sociales<\/a>\u00a0posibilitan que se puedan incluir, para cada referencia, categor\u00edas, etiquetas o comentarios que podremos utilizar como ficha de trabajo.<\/div><div class='clear_column'><\/div><\/p>\n<div class=\"featured featured-blue\"><p>En caso de compartir las b\u00fasquedas en un equipo de trabajo, es fundamental que todo el equipo llegue a acuerdos claros, y que comparta y use las mismas convenciones al hacer las anotaciones en las fichas bibliogr\u00e1ficas y las de trabajo. De este modo, al poner en com\u00fan las fuentes, ser\u00e1 m\u00e1s f\u00e1cil compararlas y contrastarlas para tomar decisiones de selecci\u00f3n o evitar redundancias.<\/p>\n<\/div>\n","protected":false},"excerpt":{"rendered":"<p>Con las referencias ya organizadas (referenciadas y clasificadas), hay que empezar una segunda lectura, ya en profundidad, de las fuentes. Este an\u00e1lisis tiene que permitir: Confirmar que las fuentes seleccionadas son adecuadas para lo que necesitamos. Conocer con detalle el contenido de estas fuentes. Aumentar el conocimiento del tema o aspecto que hay que estudiar. [&hellip;]<\/p>\n","protected":false},"author":2,"featured_media":0,"parent":0,"menu_order":0,"comment_status":"closed","ping_status":"closed","template":"","meta":[],"_links":{"self":[{"href":"http:\/\/redaccio-digital.recursos.uoc.edu\/es\/wp-json\/wp\/v2\/pages\/396"}],"collection":[{"href":"http:\/\/redaccio-digital.recursos.uoc.edu\/es\/wp-json\/wp\/v2\/pages"}],"about":[{"href":"http:\/\/redaccio-digital.recursos.uoc.edu\/es\/wp-json\/wp\/v2\/types\/page"}],"author":[{"embeddable":true,"href":"http:\/\/redaccio-digital.recursos.uoc.edu\/es\/wp-json\/wp\/v2\/users\/2"}],"replies":[{"embeddable":true,"href":"http:\/\/redaccio-digital.recursos.uoc.edu\/es\/wp-json\/wp\/v2\/comments?post=396"}],"version-history":[{"count":8,"href":"http:\/\/redaccio-digital.recursos.uoc.edu\/es\/wp-json\/wp\/v2\/pages\/396\/revisions"}],"predecessor-version":[{"id":877,"href":"http:\/\/redaccio-digital.recursos.uoc.edu\/es\/wp-json\/wp\/v2\/pages\/396\/revisions\/877"}],"wp:attachment":[{"href":"http:\/\/redaccio-digital.recursos.uoc.edu\/es\/wp-json\/wp\/v2\/media?parent=396"}],"curies":[{"name":"wp","href":"https:\/\/api.w.org\/{rel}","templated":true}]}}