{"id":389,"date":"2020-01-19T06:52:01","date_gmt":"2020-01-19T04:52:01","guid":{"rendered":"http:\/\/redaccio-digital.recursos.uoc.edu\/?page_id=389"},"modified":"2020-02-10T13:45:07","modified_gmt":"2020-02-10T11:45:07","slug":"2-3-organizacion-de-la-informacion","status":"publish","type":"page","link":"http:\/\/redaccio-digital.recursos.uoc.edu\/es\/2-3-organizacion-de-la-informacion\/","title":{"rendered":"2.3. Organizaci\u00f3n de la informaci\u00f3n"},"content":{"rendered":"<p>Resulta muy pr\u00e1ctico que las fuentes seleccionadas despu\u00e9s del proceso de b\u00fasqueda de informaci\u00f3n est\u00e9n convenientemente:<\/p>\n<ol>\n<li><strong>Referenciadas<\/strong>, para recuperarlas cuando haga falta, hacer su an\u00e1lisis y poder citarlas durante la redacci\u00f3n. Se pueden utilizar <a href=\"https:\/\/es.wikipedia.org\/wiki\/Marcadores_sociales\" target=\"_blank\" rel=\"noopener noreferrer\">marcadores sociales<\/a>, <a href=\"https:\/\/es.wikipedia.org\/wiki\/Gestor_de_referencias_bibliogr%C3%A1ficas\" target=\"_blank\" rel=\"noopener noreferrer\">gestores bibliogr\u00e1ficos<\/a>, las opciones de citas y bibliograf\u00eda de los principales procesadores de textos o simplemente la opci\u00f3n <strong><em>Preferidos<\/em><\/strong> o <strong><em>Marcadores<\/em> <\/strong>del propio navegador. Esta tarea se hace durante el proceso de b\u00fasqueda.<\/li>\n<li><strong>Clasificadas<\/strong>, para poder contrastarlas y asegurarnos de que disponemos de toda la informaci\u00f3n que nos hace falta y que podremos acceder a ella f\u00e1cilmente cuando sea necesario. No hay ninguna receta magistral que nos indique qu\u00e9 criterios usaremos para clasificar, sino que la propia naturaleza del proyecto y su objetivo nos lo indicar\u00e1n. El contenido de las fuentes es esencial a la hora de clasificarlas, pero tambi\u00e9n se pueden establecer otras ordenaciones atendiendo a los objetivos del proyecto. Esta tarea se hace una vez finalizado el proceso de b\u00fasqueda, despu\u00e9s de una primera lectura de las fuentes.<\/li>\n<\/ol>\n<div class=\"featured featured-blue\"><p>Referenciar y clasificar las fuentes, especialmente si se tienen que compartir y hay que trabajar colaborativamente, es clave para optimizar el tiempo a la hora de componer y redactar la informaci\u00f3n.<\/p>\n<\/div>\n<p>Antiguamente, la informaci\u00f3n se organizaba en fichas bibliogr\u00e1ficas manuscritas o mecanografiadas. Hoy en d\u00eda, esta funci\u00f3n de organizaci\u00f3n la hacemos de manera muy eficiente usando los <strong>sistemas de gesti\u00f3n de referencias bibliogr\u00e1ficas<\/strong> (SGRB).<\/p>\n<p>La principal ventaja de los SGRB es que facilitan las tres tareas fundamentales del trabajo bibliogr\u00e1fico:<\/p>\n<ul>\n<li><strong>Recoger<\/strong> autom\u00e1ticamente las referencias y <strong>ordenarlas<\/strong>.<\/li>\n<li><strong>Hacer anotaciones y compartir<\/strong> las referencias.<\/li>\n<li><strong>Crear bibliograf\u00edas e introducir citas<\/strong> en el texto autom\u00e1ticamente.<\/li>\n<\/ul>\n<p>Hay varios SGRB al alcance, tanto de pago como gratuitos. Algunos de los m\u00e1s utilizados son <strong>Zotero<\/strong> y\u00a0<strong>Mendeley.<\/strong><\/p>\n<p>Los <a href=\"javascript:void(0);\" class=\"tooltip\" data-toggle=\"popover\" data-placement=\"bottom\" data-content=\"\u00abLos marcadores sociales\u00bb. En: Pautas para optimizar la organizaci\u00f3n de la informaci\u00f3n digital. UOC.\" data-placement=\"top\" data-html=\"true\" >marcadores sociales<\/a> se han convertido, especialmente a partir de 2005, en otra forma de buscar, organizar y compartir informaci\u00f3n. Se trata de un sistema menos estructurado y acad\u00e9mico, pero tambi\u00e9n \u00fatil, de gesti\u00f3n, dada la avalancha de recursos que se publican en la red. Este sistema se denomina <a href=\"https:\/\/es.wikipedia.org\/wiki\/Folcsonom%C3%ADa\" target=\"_blank\" rel=\"noopener noreferrer\">etiquetado social<\/a>.<\/p>\n<p>Algunos de los marcadores sociales m\u00e1s populares son <a href=\"https:\/\/www.diigo.com\/\" target=\"_blank\" rel=\"noopener noreferrer\">Diigo<\/a> y <a href=\"https:\/\/list.ly\/\" target=\"_blank\" rel=\"noopener noreferrer\">List.ly<\/a>.<\/p>\n","protected":false},"excerpt":{"rendered":"<p>Resulta muy pr\u00e1ctico que las fuentes seleccionadas despu\u00e9s del proceso de b\u00fasqueda de informaci\u00f3n est\u00e9n convenientemente: Referenciadas, para recuperarlas cuando haga falta, hacer su an\u00e1lisis y poder citarlas durante la redacci\u00f3n. Se pueden utilizar marcadores sociales, gestores bibliogr\u00e1ficos, las opciones de citas y bibliograf\u00eda de los principales procesadores de textos o simplemente la opci\u00f3n Preferidos [&hellip;]<\/p>\n","protected":false},"author":2,"featured_media":0,"parent":0,"menu_order":0,"comment_status":"closed","ping_status":"closed","template":"","meta":[],"_links":{"self":[{"href":"http:\/\/redaccio-digital.recursos.uoc.edu\/es\/wp-json\/wp\/v2\/pages\/389"}],"collection":[{"href":"http:\/\/redaccio-digital.recursos.uoc.edu\/es\/wp-json\/wp\/v2\/pages"}],"about":[{"href":"http:\/\/redaccio-digital.recursos.uoc.edu\/es\/wp-json\/wp\/v2\/types\/page"}],"author":[{"embeddable":true,"href":"http:\/\/redaccio-digital.recursos.uoc.edu\/es\/wp-json\/wp\/v2\/users\/2"}],"replies":[{"embeddable":true,"href":"http:\/\/redaccio-digital.recursos.uoc.edu\/es\/wp-json\/wp\/v2\/comments?post=389"}],"version-history":[{"count":12,"href":"http:\/\/redaccio-digital.recursos.uoc.edu\/es\/wp-json\/wp\/v2\/pages\/389\/revisions"}],"predecessor-version":[{"id":851,"href":"http:\/\/redaccio-digital.recursos.uoc.edu\/es\/wp-json\/wp\/v2\/pages\/389\/revisions\/851"}],"wp:attachment":[{"href":"http:\/\/redaccio-digital.recursos.uoc.edu\/es\/wp-json\/wp\/v2\/media?parent=389"}],"curies":[{"name":"wp","href":"https:\/\/api.w.org\/{rel}","templated":true}]}}