{"id":368,"date":"2019-12-23T11:43:18","date_gmt":"2019-12-23T09:43:18","guid":{"rendered":"http:\/\/redaccio-digital.recursos.uoc.edu\/2-1-introduccio\/"},"modified":"2020-01-28T11:29:52","modified_gmt":"2020-01-28T09:29:52","slug":"2-1-introduccion","status":"publish","type":"page","link":"http:\/\/redaccio-digital.recursos.uoc.edu\/es\/2-1-introduccion\/","title":{"rendered":"2.1. Introducci\u00f3n"},"content":{"rendered":"<p>Hoy en d\u00eda, obtener informaci\u00f3n pertinente sobre un tema determinado est\u00e1 al alcance de todos si el <a class=\"tooltip\"  href=\"javascript:void(0);\" data-toggle=\"popover\" data-placement=\"bottom\" data-content=\"En los materiales de la asignatura Competencias TIC y \u00abB\u00fasqueda y localizaci\u00f3n de la informaci\u00f3n por Internet\u00bb, pod\u00e9is encontrar indicaciones para que este proceso de b\u00fasqueda sea eficaz.\">proceso de b\u00fasqueda<\/a> de la informaci\u00f3n que se ha seguido es adecuado.<\/p>\n<p>De hecho, la principal dificultad se produce por la <strong>abundancia de informaci\u00f3n<\/strong>. Los buscadores nos devuelven miles de resultados de b\u00fasqueda en cent\u00e9simas de segundo, y esto puede hacer que nos sintamos sobrepasados.<\/p>\n<p>No podemos empezar el proceso de composici\u00f3n y redacci\u00f3n de la informaci\u00f3n directamente a partir de la informaci\u00f3n en bruto que hemos obtenido de las b\u00fasquedas realizadas. Si queremos obtener los resultados esperados de manera eficiente, es imprescindible que realicemos un tratamiento previo de la informaci\u00f3n, que consiste en:<\/p>\n<ol>\n<li><strong>Validarla y seleccionarla<\/strong>, separando la que es pertinente, de acuerdo con el objetivo de b\u00fasqueda, de la que no lo es y estableciendo hasta qu\u00e9 punto lo es.<\/li>\n<li><strong>Organizarla<\/strong>, usando herramientas como los gestores de referencias bibliogr\u00e1ficas.<\/li>\n<li><strong>Analizarla<\/strong>, para profundizar en el tema.<\/li>\n<\/ol>\n<p>Este tratamiento de la informaci\u00f3n a menudo es circular ya que al analizar la informaci\u00f3n unas fuentes nos llevar\u00e1n a otras que, a su vez, tambi\u00e9n tendremos que validar, seleccionar, organizar y analizar de nuevo.<\/p>\n<p>&nbsp;<\/p>\n<p><img loading=\"lazy\" class=\"aligncenter wp-image-812 size-full\" src=\"\/wp-content\/uploads\/2020\/01\/20.105_04.gif\" alt=\"\" width=\"640\" height=\"404\" \/><\/p>\n","protected":false},"excerpt":{"rendered":"<p>Hoy en d\u00eda, obtener informaci\u00f3n pertinente sobre un tema determinado est\u00e1 al alcance de todos si el de la informaci\u00f3n que se ha seguido es adecuado. De hecho, la principal dificultad se produce por la abundancia de informaci\u00f3n. Los buscadores nos devuelven miles de resultados de b\u00fasqueda en cent\u00e9simas de segundo, y esto puede hacer [&hellip;]<\/p>\n","protected":false},"author":2,"featured_media":0,"parent":0,"menu_order":0,"comment_status":"closed","ping_status":"closed","template":"","meta":[],"_links":{"self":[{"href":"http:\/\/redaccio-digital.recursos.uoc.edu\/es\/wp-json\/wp\/v2\/pages\/368"}],"collection":[{"href":"http:\/\/redaccio-digital.recursos.uoc.edu\/es\/wp-json\/wp\/v2\/pages"}],"about":[{"href":"http:\/\/redaccio-digital.recursos.uoc.edu\/es\/wp-json\/wp\/v2\/types\/page"}],"author":[{"embeddable":true,"href":"http:\/\/redaccio-digital.recursos.uoc.edu\/es\/wp-json\/wp\/v2\/users\/2"}],"replies":[{"embeddable":true,"href":"http:\/\/redaccio-digital.recursos.uoc.edu\/es\/wp-json\/wp\/v2\/comments?post=368"}],"version-history":[{"count":9,"href":"http:\/\/redaccio-digital.recursos.uoc.edu\/es\/wp-json\/wp\/v2\/pages\/368\/revisions"}],"predecessor-version":[{"id":814,"href":"http:\/\/redaccio-digital.recursos.uoc.edu\/es\/wp-json\/wp\/v2\/pages\/368\/revisions\/814"}],"wp:attachment":[{"href":"http:\/\/redaccio-digital.recursos.uoc.edu\/es\/wp-json\/wp\/v2\/media?parent=368"}],"curies":[{"name":"wp","href":"https:\/\/api.w.org\/{rel}","templated":true}]}}